{"id":13,"date":"2024-06-11T16:39:20","date_gmt":"2024-06-11T14:39:20","guid":{"rendered":"https:\/\/kalivie.fr\/?page_id=13"},"modified":"2024-06-11T16:39:20","modified_gmt":"2024-06-11T14:39:20","slug":"la-demarche-qualite-de-votre-etablissement","status":"publish","type":"page","link":"https:\/\/kalivie.fr\/index.php\/la-demarche-qualite-de-votre-etablissement\/","title":{"rendered":"La d\u00e9marche qualit\u00e9 de votre \u00e9tablissement"},"content":{"rendered":"\n<p>La d\u00e9marche qualit\u00e9 de votre \u00e9tablissement est une op\u00e9ration importante et d\u00e9licate n\u00e9cessitant toute votre attention. C\u2019est aussi une obligation, sous la forme de l\u2019\u00e9valuation interne et externe (d\u00e9cret n\u00b02007-975 et loi n\u00b02009-879).<\/p>\n\n\n\n<p>Kalivie a \u00e9t\u00e9 cr\u00e9\u00e9 \u00e0 la demande de certains de vos coll\u00e8gues directeurs dans le but de les aider \u00e0 accomplir cette d\u00e9marche et \u00e0 en tirer tout le b\u00e9n\u00e9fice possible.<\/p>\n\n\n\n<p>A partir d\u2019un questionnaire construit en conformit\u00e9 aux lois ci-dessus \u00e9voqu\u00e9es et les recommandations de l\u2019ANESM, Kalivie vous permet de r\u00e9aliser en \u00e9quipe des \u00e9valuations interne compl\u00e8tes et directement exploitables.<\/p>\n\n\n\n<p>Les pr\u00e9conisations et commentaires associ\u00e9s aux r\u00e9ponses au questionnaire vous aident \u00e0 construire votre Plan d\u2019Action (planning et budget). Avec le Tableau de Bord, vous assurez le suivi et le contr\u00f4le de l\u2019ex\u00e9cution du Plan d\u2019Action. Ces outils, simples et conviviaux, sont aussi des moyens d\u2019information et d\u2019implication des personnels concern\u00e9s. Ainsi sont assur\u00e9es les conditions du succ\u00e8s de l\u2019\u00e9valuation&nbsp;: c\u2019est le levier qui vous permet d\u2019am\u00e9liorer la qualit\u00e9 du service rendu aux r\u00e9sidents.<\/p>\n\n\n\n<p>Les multiples \u00e9tats d\u2019analyse (score par page, par chapitre, par activit\u00e9, comparaison d\u2019une \u00e9valuation \u00e0 l\u2019autre, commentaires et indicateurs int\u00e9gr\u00e9s,\u2026) rendent l\u2019exploitation des r\u00e9sultats facile et optimale en terme&nbsp;:<\/p>\n\n\n\n<ul class=\"wp-block-list\">\n<li>d\u2019analyse du niveau de qualit\u00e9 de l\u2019\u00e9tablissement l\u2019ensemble des scores obtenus est disponible sur la base d\u2019une note sur 20.<\/li>\n\n\n\n<li>d\u2019efficacit\u00e9 de l\u2019action gr\u00e2ce au Tableau de Bord.<\/li>\n\n\n\n<li>de comparatif et d\u2019\u00e9volution des \u00e9valuations.<\/li>\n<\/ul>\n\n\n\n<p>Kalivie rend l\u2019\u00e9valuation interne tr\u00e8s facile \u00e0 r\u00e9aliser. En cons\u00e9quence l\u2019\u00e9valuation externe ne sera plus pour vous qu\u2019une formalit\u00e9&nbsp;!<\/p>\n\n\n\n<p>Afin de voir notre logiciel Kalivie qui est jug\u00e9 par nos clients, simple, complet et orient\u00e9 sur l\u2019efficacit\u00e9, n\u2019h\u00e9sitez pas \u00e0 nous contacter pour une pr\u00e9sentation ou une documentation.<\/p>\n\n\n\n<p><\/p>\n","protected":false},"excerpt":{"rendered":"<p>La d\u00e9marche qualit\u00e9 de votre \u00e9tablissement est une op\u00e9ration importante et d\u00e9licate n\u00e9cessitant toute votre attention. C\u2019est aussi une obligation, sous la forme de l\u2019\u00e9valuation interne et externe (d\u00e9cret n\u00b02007-975 et loi n\u00b02009-879). Kalivie a \u00e9t\u00e9 cr\u00e9\u00e9 \u00e0 la demande de certains de vos coll\u00e8gues directeurs dans le but de les aider \u00e0 accomplir cette [&hellip;]<\/p>\n","protected":false},"author":1,"featured_media":0,"parent":0,"menu_order":0,"comment_status":"closed","ping_status":"closed","template":"","meta":{"footnotes":""},"class_list":["post-13","page","type-page","status-publish","hentry","entry"],"yoast_head":"<!-- This site is optimized with the Yoast SEO plugin v23.0 - https:\/\/yoast.com\/wordpress\/plugins\/seo\/ -->\n<title>La d\u00e9marche qualit\u00e9 de votre \u00e9tablissement - Kalivie<\/title>\n<meta name=\"robots\" content=\"index, follow, max-snippet:-1, max-image-preview:large, max-video-preview:-1\" \/>\n<link rel=\"canonical\" href=\"https:\/\/kalivie.fr\/index.php\/la-demarche-qualite-de-votre-etablissement\/\" \/>\n<meta property=\"og:locale\" content=\"fr_FR\" \/>\n<meta property=\"og:type\" content=\"article\" \/>\n<meta property=\"og:title\" content=\"La d\u00e9marche qualit\u00e9 de votre \u00e9tablissement - Kalivie\" \/>\n<meta property=\"og:description\" content=\"La d\u00e9marche qualit\u00e9 de votre \u00e9tablissement est une op\u00e9ration importante et d\u00e9licate n\u00e9cessitant toute votre attention. C\u2019est aussi une obligation, sous la forme de l\u2019\u00e9valuation interne et externe (d\u00e9cret n\u00b02007-975 et loi n\u00b02009-879). Kalivie a \u00e9t\u00e9 cr\u00e9\u00e9 \u00e0 la demande de certains de vos coll\u00e8gues directeurs dans le but de les aider \u00e0 accomplir cette [&hellip;]\" \/>\n<meta property=\"og:url\" content=\"https:\/\/kalivie.fr\/index.php\/la-demarche-qualite-de-votre-etablissement\/\" \/>\n<meta property=\"og:site_name\" content=\"Kalivie\" \/>\n<meta name=\"twitter:card\" content=\"summary_large_image\" \/>\n<meta name=\"twitter:label1\" content=\"Dur\u00e9e de lecture estim\u00e9e\" \/>\n\t<meta name=\"twitter:data1\" content=\"2 minutes\" \/>\n<script type=\"application\/ld+json\" class=\"yoast-schema-graph\">{\"@context\":\"https:\/\/schema.org\",\"@graph\":[{\"@type\":\"WebPage\",\"@id\":\"https:\/\/kalivie.fr\/index.php\/la-demarche-qualite-de-votre-etablissement\/\",\"url\":\"https:\/\/kalivie.fr\/index.php\/la-demarche-qualite-de-votre-etablissement\/\",\"name\":\"La d\u00e9marche qualit\u00e9 de votre \u00e9tablissement - Kalivie\",\"isPartOf\":{\"@id\":\"https:\/\/kalivie.fr\/#website\"},\"datePublished\":\"2024-06-11T14:39:20+00:00\",\"dateModified\":\"2024-06-11T14:39:20+00:00\",\"breadcrumb\":{\"@id\":\"https:\/\/kalivie.fr\/index.php\/la-demarche-qualite-de-votre-etablissement\/#breadcrumb\"},\"inLanguage\":\"fr-FR\",\"potentialAction\":[{\"@type\":\"ReadAction\",\"target\":[\"https:\/\/kalivie.fr\/index.php\/la-demarche-qualite-de-votre-etablissement\/\"]}]},{\"@type\":\"BreadcrumbList\",\"@id\":\"https:\/\/kalivie.fr\/index.php\/la-demarche-qualite-de-votre-etablissement\/#breadcrumb\",\"itemListElement\":[{\"@type\":\"ListItem\",\"position\":1,\"name\":\"Accueil\",\"item\":\"https:\/\/kalivie.fr\/\"},{\"@type\":\"ListItem\",\"position\":2,\"name\":\"La d\u00e9marche qualit\u00e9 de votre \u00e9tablissement\"}]},{\"@type\":\"WebSite\",\"@id\":\"https:\/\/kalivie.fr\/#website\",\"url\":\"https:\/\/kalivie.fr\/\",\"name\":\"Kalivie\",\"description\":\"Votre \u00e9valuation des structures m\u00e9dico sociales\",\"publisher\":{\"@id\":\"https:\/\/kalivie.fr\/#organization\"},\"potentialAction\":[{\"@type\":\"SearchAction\",\"target\":{\"@type\":\"EntryPoint\",\"urlTemplate\":\"https:\/\/kalivie.fr\/?s={search_term_string}\"},\"query-input\":\"required name=search_term_string\"}],\"inLanguage\":\"fr-FR\"},{\"@type\":\"Organization\",\"@id\":\"https:\/\/kalivie.fr\/#organization\",\"name\":\"Kalivie\",\"url\":\"https:\/\/kalivie.fr\/\",\"logo\":{\"@type\":\"ImageObject\",\"inLanguage\":\"fr-FR\",\"@id\":\"https:\/\/kalivie.fr\/#\/schema\/logo\/image\/\",\"url\":\"https:\/\/kalivie.fr\/wp-content\/uploads\/2024\/06\/kalivie-1.png\",\"contentUrl\":\"https:\/\/kalivie.fr\/wp-content\/uploads\/2024\/06\/kalivie-1.png\",\"width\":512,\"height\":512,\"caption\":\"Kalivie\"},\"image\":{\"@id\":\"https:\/\/kalivie.fr\/#\/schema\/logo\/image\/\"}}]}<\/script>\n<!-- \/ Yoast SEO plugin. -->","yoast_head_json":{"title":"La d\u00e9marche qualit\u00e9 de votre \u00e9tablissement - Kalivie","robots":{"index":"index","follow":"follow","max-snippet":"max-snippet:-1","max-image-preview":"max-image-preview:large","max-video-preview":"max-video-preview:-1"},"canonical":"https:\/\/kalivie.fr\/index.php\/la-demarche-qualite-de-votre-etablissement\/","og_locale":"fr_FR","og_type":"article","og_title":"La d\u00e9marche qualit\u00e9 de votre \u00e9tablissement - Kalivie","og_description":"La d\u00e9marche qualit\u00e9 de votre \u00e9tablissement est une op\u00e9ration importante et d\u00e9licate n\u00e9cessitant toute votre attention. C\u2019est aussi une obligation, sous la forme de l\u2019\u00e9valuation interne et externe (d\u00e9cret n\u00b02007-975 et loi n\u00b02009-879). Kalivie a \u00e9t\u00e9 cr\u00e9\u00e9 \u00e0 la demande de certains de vos coll\u00e8gues directeurs dans le but de les aider \u00e0 accomplir cette [&hellip;]","og_url":"https:\/\/kalivie.fr\/index.php\/la-demarche-qualite-de-votre-etablissement\/","og_site_name":"Kalivie","twitter_card":"summary_large_image","twitter_misc":{"Dur\u00e9e de lecture estim\u00e9e":"2 minutes"},"schema":{"@context":"https:\/\/schema.org","@graph":[{"@type":"WebPage","@id":"https:\/\/kalivie.fr\/index.php\/la-demarche-qualite-de-votre-etablissement\/","url":"https:\/\/kalivie.fr\/index.php\/la-demarche-qualite-de-votre-etablissement\/","name":"La d\u00e9marche qualit\u00e9 de votre \u00e9tablissement - Kalivie","isPartOf":{"@id":"https:\/\/kalivie.fr\/#website"},"datePublished":"2024-06-11T14:39:20+00:00","dateModified":"2024-06-11T14:39:20+00:00","breadcrumb":{"@id":"https:\/\/kalivie.fr\/index.php\/la-demarche-qualite-de-votre-etablissement\/#breadcrumb"},"inLanguage":"fr-FR","potentialAction":[{"@type":"ReadAction","target":["https:\/\/kalivie.fr\/index.php\/la-demarche-qualite-de-votre-etablissement\/"]}]},{"@type":"BreadcrumbList","@id":"https:\/\/kalivie.fr\/index.php\/la-demarche-qualite-de-votre-etablissement\/#breadcrumb","itemListElement":[{"@type":"ListItem","position":1,"name":"Accueil","item":"https:\/\/kalivie.fr\/"},{"@type":"ListItem","position":2,"name":"La d\u00e9marche qualit\u00e9 de votre \u00e9tablissement"}]},{"@type":"WebSite","@id":"https:\/\/kalivie.fr\/#website","url":"https:\/\/kalivie.fr\/","name":"Kalivie","description":"Votre \u00e9valuation des structures m\u00e9dico sociales","publisher":{"@id":"https:\/\/kalivie.fr\/#organization"},"potentialAction":[{"@type":"SearchAction","target":{"@type":"EntryPoint","urlTemplate":"https:\/\/kalivie.fr\/?s={search_term_string}"},"query-input":"required name=search_term_string"}],"inLanguage":"fr-FR"},{"@type":"Organization","@id":"https:\/\/kalivie.fr\/#organization","name":"Kalivie","url":"https:\/\/kalivie.fr\/","logo":{"@type":"ImageObject","inLanguage":"fr-FR","@id":"https:\/\/kalivie.fr\/#\/schema\/logo\/image\/","url":"https:\/\/kalivie.fr\/wp-content\/uploads\/2024\/06\/kalivie-1.png","contentUrl":"https:\/\/kalivie.fr\/wp-content\/uploads\/2024\/06\/kalivie-1.png","width":512,"height":512,"caption":"Kalivie"},"image":{"@id":"https:\/\/kalivie.fr\/#\/schema\/logo\/image\/"}}]}},"_links":{"self":[{"href":"https:\/\/kalivie.fr\/index.php\/wp-json\/wp\/v2\/pages\/13","targetHints":{"allow":["GET"]}}],"collection":[{"href":"https:\/\/kalivie.fr\/index.php\/wp-json\/wp\/v2\/pages"}],"about":[{"href":"https:\/\/kalivie.fr\/index.php\/wp-json\/wp\/v2\/types\/page"}],"author":[{"embeddable":true,"href":"https:\/\/kalivie.fr\/index.php\/wp-json\/wp\/v2\/users\/1"}],"replies":[{"embeddable":true,"href":"https:\/\/kalivie.fr\/index.php\/wp-json\/wp\/v2\/comments?post=13"}],"version-history":[{"count":1,"href":"https:\/\/kalivie.fr\/index.php\/wp-json\/wp\/v2\/pages\/13\/revisions"}],"predecessor-version":[{"id":14,"href":"https:\/\/kalivie.fr\/index.php\/wp-json\/wp\/v2\/pages\/13\/revisions\/14"}],"wp:attachment":[{"href":"https:\/\/kalivie.fr\/index.php\/wp-json\/wp\/v2\/media?parent=13"}],"curies":[{"name":"wp","href":"https:\/\/api.w.org\/{rel}","templated":true}]}}