{"id":475,"date":"2024-08-06T10:21:41","date_gmt":"2024-08-06T08:21:41","guid":{"rendered":"https:\/\/kalivie.fr\/?page_id=475"},"modified":"2024-08-06T16:32:24","modified_gmt":"2024-08-06T14:32:24","slug":"trois-methodes","status":"publish","type":"page","link":"https:\/\/kalivie.fr\/index.php\/trois-methodes\/","title":{"rendered":"Trois m\u00e9thodes"},"content":{"rendered":"\t\t<div data-elementor-type=\"wp-page\" data-elementor-id=\"475\" class=\"elementor elementor-475\">\n\t\t\t\t<div class=\"elementor-element elementor-element-9c7703a e-flex e-con-boxed e-con e-parent\" data-id=\"9c7703a\" data-element_type=\"container\">\n\t\t\t\t\t<div class=\"e-con-inner\">\n\t\t\t\t<div class=\"elementor-element elementor-element-4f84a3a elementor-widget elementor-widget-heading\" data-id=\"4f84a3a\" data-element_type=\"widget\" data-widget_type=\"heading.default\">\n\t\t\t\t<div class=\"elementor-widget-container\">\n\t\t\t<style>\/*! elementor - v3.23.0 - 15-07-2024 *\/\n.elementor-heading-title{padding:0;margin:0;line-height:1}.elementor-widget-heading .elementor-heading-title[class*=elementor-size-]>a{color:inherit;font-size:inherit;line-height:inherit}.elementor-widget-heading .elementor-heading-title.elementor-size-small{font-size:15px}.elementor-widget-heading .elementor-heading-title.elementor-size-medium{font-size:19px}.elementor-widget-heading .elementor-heading-title.elementor-size-large{font-size:29px}.elementor-widget-heading .elementor-heading-title.elementor-size-xl{font-size:39px}.elementor-widget-heading .elementor-heading-title.elementor-size-xxl{font-size:59px}<\/style><h3 class=\"elementor-heading-title elementor-size-default\">Trois m\u00e9thodes d'\u00e9valuation communes pour tous les ESSMS<\/h3>\t\t<\/div>\n\t\t\t\t<\/div>\n\t\t\t\t<div class=\"elementor-element elementor-element-3b1b08a elementor-widget elementor-widget-text-editor\" data-id=\"3b1b08a\" data-element_type=\"widget\" data-widget_type=\"text-editor.default\">\n\t\t\t\t<div class=\"elementor-widget-container\">\n\t\t\t<style>\/*! elementor - v3.23.0 - 15-07-2024 *\/\n.elementor-widget-text-editor.elementor-drop-cap-view-stacked .elementor-drop-cap{background-color:#69727d;color:#fff}.elementor-widget-text-editor.elementor-drop-cap-view-framed .elementor-drop-cap{color:#69727d;border:3px solid;background-color:transparent}.elementor-widget-text-editor:not(.elementor-drop-cap-view-default) .elementor-drop-cap{margin-top:8px}.elementor-widget-text-editor:not(.elementor-drop-cap-view-default) .elementor-drop-cap-letter{width:1em;height:1em}.elementor-widget-text-editor .elementor-drop-cap{float:left;text-align:center;line-height:1;font-size:50px}.elementor-widget-text-editor .elementor-drop-cap-letter{display:inline-block}<\/style>\t\t\t\t<p>Le r\u00e9f\u00e9rentiel s&rsquo;appuie sur un manuel qui d\u00e9finit trois m\u00e9thodes pour \u00e9valuer les pratiques et les organisations, au plus proche du terrain. Elles se traduisent par des entretiens avec les personnes accompagn\u00e9es, les membres du conseil de la vie sociale, les professionnels et la gouvernance des ESSMS.<\/p>\t\t\t\t\t\t<\/div>\n\t\t\t\t<\/div>\n\t\t\t\t<div class=\"elementor-element elementor-element-155db97 elementor-widget elementor-widget-heading\" data-id=\"155db97\" data-element_type=\"widget\" data-widget_type=\"heading.default\">\n\t\t\t\t<div class=\"elementor-widget-container\">\n\t\t\t<h3 class=\"elementor-heading-title elementor-size-default\">La fr\u00e9quence d'\u00e9valuation passe de 7 \u00e0 5 ans<\/h3>\t\t<\/div>\n\t\t\t\t<\/div>\n\t\t\t\t<div class=\"elementor-element elementor-element-030e17b elementor-widget elementor-widget-text-editor\" data-id=\"030e17b\" data-element_type=\"widget\" data-widget_type=\"text-editor.default\">\n\t\t\t\t<div class=\"elementor-widget-container\">\n\t\t\t\t\t\t\t<p>Le rythme d&rsquo;une \u00e9valuation tous les 5 ans est porteur de sens pour l&rsquo;ESSMS et leurs professionnels car il correspond notamment \u00e0 celui du projet d&rsquo;\u00e9tablissement.<\/p><p>Il permet de r\u00e9interroger de mani\u00e8re plus r\u00e9guli\u00e8re les pratiques et les organisations au b\u00e9n\u00e9fice des personnes accueillies.<\/p>\t\t\t\t\t\t<\/div>\n\t\t\t\t<\/div>\n\t\t\t\t<div class=\"elementor-element elementor-element-058ba97 elementor-widget elementor-widget-image\" data-id=\"058ba97\" data-element_type=\"widget\" data-widget_type=\"image.default\">\n\t\t\t\t<div class=\"elementor-widget-container\">\n\t\t\t<style>\/*! elementor - v3.23.0 - 15-07-2024 *\/\n.elementor-widget-image{text-align:center}.elementor-widget-image a{display:inline-block}.elementor-widget-image a img[src$=\".svg\"]{width:48px}.elementor-widget-image img{vertical-align:middle;display:inline-block}<\/style>\t\t\t\t\t\t\t\t\t\t<img fetchpriority=\"high\" decoding=\"async\" width=\"300\" height=\"277\" src=\"https:\/\/kalivie.fr\/wp-content\/uploads\/2024\/08\/HORLOGE-3-5-ANS-300x277.png\" class=\"attachment-medium size-medium wp-image-477\" alt=\"\" srcset=\"https:\/\/kalivie.fr\/wp-content\/uploads\/2024\/08\/HORLOGE-3-5-ANS-300x277.png 300w, https:\/\/kalivie.fr\/wp-content\/uploads\/2024\/08\/HORLOGE-3-5-ANS-768x710.png 768w, https:\/\/kalivie.fr\/wp-content\/uploads\/2024\/08\/HORLOGE-3-5-ANS.png 1020w\" sizes=\"(max-width: 300px) 100vw, 300px\" \/>\t\t\t\t\t\t\t\t\t\t\t\t\t<\/div>\n\t\t\t\t<\/div>\n\t\t\t\t\t<\/div>\n\t\t\t\t<\/div>\n\t\t<div class=\"elementor-element elementor-element-db07cc5 e-flex e-con-boxed e-con e-parent\" data-id=\"db07cc5\" data-element_type=\"container\">\n\t\t\t\t\t<div class=\"e-con-inner\">\n\t\t<div class=\"elementor-element elementor-element-998abff e-con-full e-flex e-con e-child\" data-id=\"998abff\" data-element_type=\"container\">\n\t\t\t\t<div class=\"elementor-element elementor-element-553ad9b elementor-mobile-align-center elementor-align-center elementor-widget elementor-widget-button\" data-id=\"553ad9b\" data-element_type=\"widget\" data-widget_type=\"button.default\">\n\t\t\t\t<div class=\"elementor-widget-container\">\n\t\t\t\t\t<div class=\"elementor-button-wrapper\">\n\t\t\t<a class=\"elementor-button elementor-button-link elementor-size-sm\" href=\"https:\/\/kalivie.fr\/index.php\/un-referentiel\/\">\n\t\t\t\t\t\t<span class=\"elementor-button-content-wrapper\">\n\t\t\t\t\t\t<span class=\"elementor-button-icon\">\n\t\t\t\t<svg aria-hidden=\"true\" class=\"e-font-icon-svg e-fas-arrow-alt-circle-left\" viewBox=\"0 0 512 512\" xmlns=\"http:\/\/www.w3.org\/2000\/svg\"><path d=\"M256 504C119 504 8 393 8 256S119 8 256 8s248 111 248 248-111 248-248 248zm116-292H256v-70.9c0-10.7-13-16.1-20.5-8.5L121.2 247.5c-4.7 4.7-4.7 12.2 0 16.9l114.3 114.9c7.6 7.6 20.5 2.2 20.5-8.5V300h116c6.6 0 12-5.4 12-12v-64c0-6.6-5.4-12-12-12z\"><\/path><\/svg>\t\t\t<\/span>\n\t\t\t\t\t\t\t\t\t<span class=\"elementor-button-text\">R\u00e9f\u00e9rentiel commun<\/span>\n\t\t\t\t\t<\/span>\n\t\t\t\t\t<\/a>\n\t\t<\/div>\n\t\t\t\t<\/div>\n\t\t\t\t<\/div>\n\t\t\t\t<\/div>\n\t\t<div class=\"elementor-element elementor-element-e50b3f2 e-con-full e-flex e-con e-child\" data-id=\"e50b3f2\" data-element_type=\"container\">\n\t\t\t\t<div class=\"elementor-element elementor-element-1b29761 elementor-mobile-align-center elementor-align-center elementor-widget elementor-widget-button\" data-id=\"1b29761\" data-element_type=\"widget\" data-widget_type=\"button.default\">\n\t\t\t\t<div class=\"elementor-widget-container\">\n\t\t\t\t\t<div class=\"elementor-button-wrapper\">\n\t\t\t<a class=\"elementor-button elementor-button-link elementor-size-sm\" href=\"https:\/\/kalivie.fr\/index.php\/des-rapports-devaluation\/\">\n\t\t\t\t\t\t<span class=\"elementor-button-content-wrapper\">\n\t\t\t\t\t\t<span class=\"elementor-button-icon\">\n\t\t\t\t<svg aria-hidden=\"true\" class=\"e-font-icon-svg e-fas-arrow-alt-circle-right\" viewBox=\"0 0 512 512\" xmlns=\"http:\/\/www.w3.org\/2000\/svg\"><path d=\"M256 8c137 0 248 111 248 248S393 504 256 504 8 393 8 256 119 8 256 8zM140 300h116v70.9c0 10.7 13 16.1 20.5 8.5l114.3-114.9c4.7-4.7 4.7-12.2 0-16.9l-114.3-115c-7.6-7.6-20.5-2.2-20.5 8.5V212H140c-6.6 0-12 5.4-12 12v64c0 6.6 5.4 12 12 12z\"><\/path><\/svg>\t\t\t<\/span>\n\t\t\t\t\t\t\t\t\t<span class=\"elementor-button-text\">Des rapports<\/span>\n\t\t\t\t\t<\/span>\n\t\t\t\t\t<\/a>\n\t\t<\/div>\n\t\t\t\t<\/div>\n\t\t\t\t<\/div>\n\t\t\t\t<\/div>\n\t\t\t\t\t<\/div>\n\t\t\t\t<\/div>\n\t\t<div class=\"elementor-element elementor-element-e1072a9 e-flex e-con-boxed e-con e-parent\" data-id=\"e1072a9\" data-element_type=\"container\">\n\t\t\t\t\t<div class=\"e-con-inner\">\n\t\t<div class=\"elementor-element elementor-element-6a4604c e-con-full e-flex e-con e-child\" data-id=\"6a4604c\" data-element_type=\"container\" data-settings=\"{&quot;background_background&quot;:&quot;classic&quot;}\">\n\t\t\t\t<div class=\"elementor-element elementor-element-52f4bca elementor-widget elementor-widget-heading\" data-id=\"52f4bca\" data-element_type=\"widget\" data-widget_type=\"heading.default\">\n\t\t\t\t<div class=\"elementor-widget-container\">\n\t\t\t<p class=\"elementor-heading-title elementor-size-default\">\u00a9 2024 tous droits r\u00e9serv\u00e9s<\/p>\t\t<\/div>\n\t\t\t\t<\/div>\n\t\t\t\t<\/div>\n\t\t\t\t\t<\/div>\n\t\t\t\t<\/div>\n\t\t\t\t<\/div>\n\t\t","protected":false},"excerpt":{"rendered":"<p>Trois m\u00e9thodes d&rsquo;\u00e9valuation communes pour tous les ESSMS Le r\u00e9f\u00e9rentiel s&rsquo;appuie sur un manuel qui d\u00e9finit trois m\u00e9thodes pour \u00e9valuer les pratiques et les organisations, au plus proche du terrain. Elles se traduisent par des entretiens avec les personnes accompagn\u00e9es, les membres du conseil de la vie sociale, les professionnels et la gouvernance des ESSMS. [&hellip;]<\/p>\n","protected":false},"author":1,"featured_media":0,"parent":0,"menu_order":0,"comment_status":"closed","ping_status":"closed","template":"","meta":{"footnotes":""},"class_list":["post-475","page","type-page","status-publish","hentry","entry"],"yoast_head":"<!-- This site is optimized with the Yoast SEO plugin v23.0 - https:\/\/yoast.com\/wordpress\/plugins\/seo\/ -->\n<title>Trois m\u00e9thodes - Kalivie<\/title>\n<meta name=\"robots\" content=\"index, follow, max-snippet:-1, max-image-preview:large, max-video-preview:-1\" \/>\n<link rel=\"canonical\" href=\"https:\/\/kalivie.fr\/index.php\/trois-methodes\/\" \/>\n<meta property=\"og:locale\" content=\"fr_FR\" \/>\n<meta property=\"og:type\" content=\"article\" \/>\n<meta property=\"og:title\" content=\"Trois m\u00e9thodes - Kalivie\" \/>\n<meta property=\"og:description\" content=\"Trois m\u00e9thodes d&rsquo;\u00e9valuation communes pour tous les ESSMS Le r\u00e9f\u00e9rentiel s&rsquo;appuie sur un manuel qui d\u00e9finit trois m\u00e9thodes pour \u00e9valuer les pratiques et les organisations, au plus proche du terrain. Elles se traduisent par des entretiens avec les personnes accompagn\u00e9es, les membres du conseil de la vie sociale, les professionnels et la gouvernance des ESSMS. [&hellip;]\" \/>\n<meta property=\"og:url\" content=\"https:\/\/kalivie.fr\/index.php\/trois-methodes\/\" \/>\n<meta property=\"og:site_name\" content=\"Kalivie\" \/>\n<meta property=\"article:modified_time\" content=\"2024-08-06T14:32:24+00:00\" \/>\n<meta property=\"og:image\" content=\"https:\/\/kalivie.fr\/wp-content\/uploads\/2024\/08\/HORLOGE-3-5-ANS-300x277.png\" \/>\n<meta name=\"twitter:card\" content=\"summary_large_image\" \/>\n<meta name=\"twitter:label1\" content=\"Dur\u00e9e de lecture estim\u00e9e\" \/>\n\t<meta name=\"twitter:data1\" content=\"1 minute\" \/>\n<script type=\"application\/ld+json\" class=\"yoast-schema-graph\">{\"@context\":\"https:\/\/schema.org\",\"@graph\":[{\"@type\":\"WebPage\",\"@id\":\"https:\/\/kalivie.fr\/index.php\/trois-methodes\/\",\"url\":\"https:\/\/kalivie.fr\/index.php\/trois-methodes\/\",\"name\":\"Trois m\u00e9thodes - Kalivie\",\"isPartOf\":{\"@id\":\"https:\/\/kalivie.fr\/#website\"},\"primaryImageOfPage\":{\"@id\":\"https:\/\/kalivie.fr\/index.php\/trois-methodes\/#primaryimage\"},\"image\":{\"@id\":\"https:\/\/kalivie.fr\/index.php\/trois-methodes\/#primaryimage\"},\"thumbnailUrl\":\"https:\/\/kalivie.fr\/wp-content\/uploads\/2024\/08\/HORLOGE-3-5-ANS-300x277.png\",\"datePublished\":\"2024-08-06T08:21:41+00:00\",\"dateModified\":\"2024-08-06T14:32:24+00:00\",\"breadcrumb\":{\"@id\":\"https:\/\/kalivie.fr\/index.php\/trois-methodes\/#breadcrumb\"},\"inLanguage\":\"fr-FR\",\"potentialAction\":[{\"@type\":\"ReadAction\",\"target\":[\"https:\/\/kalivie.fr\/index.php\/trois-methodes\/\"]}]},{\"@type\":\"ImageObject\",\"inLanguage\":\"fr-FR\",\"@id\":\"https:\/\/kalivie.fr\/index.php\/trois-methodes\/#primaryimage\",\"url\":\"https:\/\/kalivie.fr\/wp-content\/uploads\/2024\/08\/HORLOGE-3-5-ANS.png\",\"contentUrl\":\"https:\/\/kalivie.fr\/wp-content\/uploads\/2024\/08\/HORLOGE-3-5-ANS.png\",\"width\":1020,\"height\":943},{\"@type\":\"BreadcrumbList\",\"@id\":\"https:\/\/kalivie.fr\/index.php\/trois-methodes\/#breadcrumb\",\"itemListElement\":[{\"@type\":\"ListItem\",\"position\":1,\"name\":\"Accueil\",\"item\":\"https:\/\/kalivie.fr\/\"},{\"@type\":\"ListItem\",\"position\":2,\"name\":\"Trois m\u00e9thodes\"}]},{\"@type\":\"WebSite\",\"@id\":\"https:\/\/kalivie.fr\/#website\",\"url\":\"https:\/\/kalivie.fr\/\",\"name\":\"Kalivie\",\"description\":\"Votre \u00e9valuation des structures m\u00e9dico sociales\",\"publisher\":{\"@id\":\"https:\/\/kalivie.fr\/#organization\"},\"potentialAction\":[{\"@type\":\"SearchAction\",\"target\":{\"@type\":\"EntryPoint\",\"urlTemplate\":\"https:\/\/kalivie.fr\/?s={search_term_string}\"},\"query-input\":\"required name=search_term_string\"}],\"inLanguage\":\"fr-FR\"},{\"@type\":\"Organization\",\"@id\":\"https:\/\/kalivie.fr\/#organization\",\"name\":\"Kalivie\",\"url\":\"https:\/\/kalivie.fr\/\",\"logo\":{\"@type\":\"ImageObject\",\"inLanguage\":\"fr-FR\",\"@id\":\"https:\/\/kalivie.fr\/#\/schema\/logo\/image\/\",\"url\":\"https:\/\/kalivie.fr\/wp-content\/uploads\/2024\/06\/kalivie-1.png\",\"contentUrl\":\"https:\/\/kalivie.fr\/wp-content\/uploads\/2024\/06\/kalivie-1.png\",\"width\":512,\"height\":512,\"caption\":\"Kalivie\"},\"image\":{\"@id\":\"https:\/\/kalivie.fr\/#\/schema\/logo\/image\/\"}}]}<\/script>\n<!-- \/ Yoast SEO plugin. -->","yoast_head_json":{"title":"Trois m\u00e9thodes - Kalivie","robots":{"index":"index","follow":"follow","max-snippet":"max-snippet:-1","max-image-preview":"max-image-preview:large","max-video-preview":"max-video-preview:-1"},"canonical":"https:\/\/kalivie.fr\/index.php\/trois-methodes\/","og_locale":"fr_FR","og_type":"article","og_title":"Trois m\u00e9thodes - Kalivie","og_description":"Trois m\u00e9thodes d&rsquo;\u00e9valuation communes pour tous les ESSMS Le r\u00e9f\u00e9rentiel s&rsquo;appuie sur un manuel qui d\u00e9finit trois m\u00e9thodes pour \u00e9valuer les pratiques et les organisations, au plus proche du terrain. Elles se traduisent par des entretiens avec les personnes accompagn\u00e9es, les membres du conseil de la vie sociale, les professionnels et la gouvernance des ESSMS. [&hellip;]","og_url":"https:\/\/kalivie.fr\/index.php\/trois-methodes\/","og_site_name":"Kalivie","article_modified_time":"2024-08-06T14:32:24+00:00","og_image":[{"url":"https:\/\/kalivie.fr\/wp-content\/uploads\/2024\/08\/HORLOGE-3-5-ANS-300x277.png"}],"twitter_card":"summary_large_image","twitter_misc":{"Dur\u00e9e de lecture estim\u00e9e":"1 minute"},"schema":{"@context":"https:\/\/schema.org","@graph":[{"@type":"WebPage","@id":"https:\/\/kalivie.fr\/index.php\/trois-methodes\/","url":"https:\/\/kalivie.fr\/index.php\/trois-methodes\/","name":"Trois m\u00e9thodes - Kalivie","isPartOf":{"@id":"https:\/\/kalivie.fr\/#website"},"primaryImageOfPage":{"@id":"https:\/\/kalivie.fr\/index.php\/trois-methodes\/#primaryimage"},"image":{"@id":"https:\/\/kalivie.fr\/index.php\/trois-methodes\/#primaryimage"},"thumbnailUrl":"https:\/\/kalivie.fr\/wp-content\/uploads\/2024\/08\/HORLOGE-3-5-ANS-300x277.png","datePublished":"2024-08-06T08:21:41+00:00","dateModified":"2024-08-06T14:32:24+00:00","breadcrumb":{"@id":"https:\/\/kalivie.fr\/index.php\/trois-methodes\/#breadcrumb"},"inLanguage":"fr-FR","potentialAction":[{"@type":"ReadAction","target":["https:\/\/kalivie.fr\/index.php\/trois-methodes\/"]}]},{"@type":"ImageObject","inLanguage":"fr-FR","@id":"https:\/\/kalivie.fr\/index.php\/trois-methodes\/#primaryimage","url":"https:\/\/kalivie.fr\/wp-content\/uploads\/2024\/08\/HORLOGE-3-5-ANS.png","contentUrl":"https:\/\/kalivie.fr\/wp-content\/uploads\/2024\/08\/HORLOGE-3-5-ANS.png","width":1020,"height":943},{"@type":"BreadcrumbList","@id":"https:\/\/kalivie.fr\/index.php\/trois-methodes\/#breadcrumb","itemListElement":[{"@type":"ListItem","position":1,"name":"Accueil","item":"https:\/\/kalivie.fr\/"},{"@type":"ListItem","position":2,"name":"Trois m\u00e9thodes"}]},{"@type":"WebSite","@id":"https:\/\/kalivie.fr\/#website","url":"https:\/\/kalivie.fr\/","name":"Kalivie","description":"Votre \u00e9valuation des structures m\u00e9dico sociales","publisher":{"@id":"https:\/\/kalivie.fr\/#organization"},"potentialAction":[{"@type":"SearchAction","target":{"@type":"EntryPoint","urlTemplate":"https:\/\/kalivie.fr\/?s={search_term_string}"},"query-input":"required name=search_term_string"}],"inLanguage":"fr-FR"},{"@type":"Organization","@id":"https:\/\/kalivie.fr\/#organization","name":"Kalivie","url":"https:\/\/kalivie.fr\/","logo":{"@type":"ImageObject","inLanguage":"fr-FR","@id":"https:\/\/kalivie.fr\/#\/schema\/logo\/image\/","url":"https:\/\/kalivie.fr\/wp-content\/uploads\/2024\/06\/kalivie-1.png","contentUrl":"https:\/\/kalivie.fr\/wp-content\/uploads\/2024\/06\/kalivie-1.png","width":512,"height":512,"caption":"Kalivie"},"image":{"@id":"https:\/\/kalivie.fr\/#\/schema\/logo\/image\/"}}]}},"_links":{"self":[{"href":"https:\/\/kalivie.fr\/index.php\/wp-json\/wp\/v2\/pages\/475","targetHints":{"allow":["GET"]}}],"collection":[{"href":"https:\/\/kalivie.fr\/index.php\/wp-json\/wp\/v2\/pages"}],"about":[{"href":"https:\/\/kalivie.fr\/index.php\/wp-json\/wp\/v2\/types\/page"}],"author":[{"embeddable":true,"href":"https:\/\/kalivie.fr\/index.php\/wp-json\/wp\/v2\/users\/1"}],"replies":[{"embeddable":true,"href":"https:\/\/kalivie.fr\/index.php\/wp-json\/wp\/v2\/comments?post=475"}],"version-history":[{"count":16,"href":"https:\/\/kalivie.fr\/index.php\/wp-json\/wp\/v2\/pages\/475\/revisions"}],"predecessor-version":[{"id":635,"href":"https:\/\/kalivie.fr\/index.php\/wp-json\/wp\/v2\/pages\/475\/revisions\/635"}],"wp:attachment":[{"href":"https:\/\/kalivie.fr\/index.php\/wp-json\/wp\/v2\/media?parent=475"}],"curies":[{"name":"wp","href":"https:\/\/api.w.org\/{rel}","templated":true}]}}