{"id":488,"date":"2024-08-06T10:45:13","date_gmt":"2024-08-06T08:45:13","guid":{"rendered":"https:\/\/kalivie.fr\/?page_id=488"},"modified":"2024-08-06T11:31:06","modified_gmt":"2024-08-06T09:31:06","slug":"des-rapports-devaluation","status":"publish","type":"page","link":"https:\/\/kalivie.fr\/index.php\/des-rapports-devaluation\/","title":{"rendered":"Des rapports d&rsquo;\u00e9valuation"},"content":{"rendered":"\t\t<div data-elementor-type=\"wp-page\" data-elementor-id=\"488\" class=\"elementor elementor-488\">\n\t\t\t\t<div class=\"elementor-element elementor-element-260122e e-flex e-con-boxed e-con e-parent\" data-id=\"260122e\" data-element_type=\"container\">\n\t\t\t\t\t<div class=\"e-con-inner\">\n\t\t\t\t<div class=\"elementor-element elementor-element-d290512 elementor-widget elementor-widget-heading\" data-id=\"d290512\" data-element_type=\"widget\" data-widget_type=\"heading.default\">\n\t\t\t\t<div class=\"elementor-widget-container\">\n\t\t\t<style>\/*! elementor - v3.23.0 - 15-07-2024 *\/\n.elementor-heading-title{padding:0;margin:0;line-height:1}.elementor-widget-heading .elementor-heading-title[class*=elementor-size-]>a{color:inherit;font-size:inherit;line-height:inherit}.elementor-widget-heading .elementor-heading-title.elementor-size-small{font-size:15px}.elementor-widget-heading .elementor-heading-title.elementor-size-medium{font-size:19px}.elementor-widget-heading .elementor-heading-title.elementor-size-large{font-size:29px}.elementor-widget-heading .elementor-heading-title.elementor-size-xl{font-size:39px}.elementor-widget-heading .elementor-heading-title.elementor-size-xxl{font-size:59px}<\/style><h2 class=\"elementor-heading-title elementor-size-default\">Des rapports d'\u00e9valuation identiques<\/h2>\t\t<\/div>\n\t\t\t\t<\/div>\n\t\t\t\t<div class=\"elementor-element elementor-element-55827bb elementor-widget elementor-widget-text-editor\" data-id=\"55827bb\" data-element_type=\"widget\" data-widget_type=\"text-editor.default\">\n\t\t\t\t<div class=\"elementor-widget-container\">\n\t\t\t<style>\/*! elementor - v3.23.0 - 15-07-2024 *\/\n.elementor-widget-text-editor.elementor-drop-cap-view-stacked .elementor-drop-cap{background-color:#69727d;color:#fff}.elementor-widget-text-editor.elementor-drop-cap-view-framed .elementor-drop-cap{color:#69727d;border:3px solid;background-color:transparent}.elementor-widget-text-editor:not(.elementor-drop-cap-view-default) .elementor-drop-cap{margin-top:8px}.elementor-widget-text-editor:not(.elementor-drop-cap-view-default) .elementor-drop-cap-letter{width:1em;height:1em}.elementor-widget-text-editor .elementor-drop-cap{float:left;text-align:center;line-height:1;font-size:50px}.elementor-widget-text-editor .elementor-drop-cap-letter{display:inline-block}<\/style>\t\t\t\t<p>Dans un objectif d&rsquo;harmonisation et de faciliter de lecture, la visite d&rsquo;\u00e9valuation fait l&rsquo;objet d&rsquo;un rapport d&rsquo;\u00e9valuation final construit selon une structure pr\u00e9d\u00e9finie commune \u00e0 tous les ESSMS.<\/p>\t\t\t\t\t\t<\/div>\n\t\t\t\t<\/div>\n\t\t\t\t<div class=\"elementor-element elementor-element-d2f52e5 elementor-widget elementor-widget-heading\" data-id=\"d2f52e5\" data-element_type=\"widget\" data-widget_type=\"heading.default\">\n\t\t\t\t<div class=\"elementor-widget-container\">\n\t\t\t<h2 class=\"elementor-heading-title elementor-size-default\">Une diffusion des rapports \u00e9largie<\/h2>\t\t<\/div>\n\t\t\t\t<\/div>\n\t\t\t\t<div class=\"elementor-element elementor-element-5216507 elementor-widget elementor-widget-text-editor\" data-id=\"5216507\" data-element_type=\"widget\" data-widget_type=\"text-editor.default\">\n\t\t\t\t<div class=\"elementor-widget-container\">\n\t\t\t\t\t\t\t<p>Les r\u00e9sultats de l&rsquo;\u00e9valuation doivent \u00eatre toujours transmis \u00e0 l&rsquo;autorit\u00e9 de tarification et de contr\u00f4le mais \u00e9galement \u00e0 la HAS. L\u2019ESSMS doit assurer la plus large diffusion interne du rapport d&rsquo;\u00e9valuation et le porter notamment \u00e0 la connaissance de l&rsquo;instance d\u00e9lib\u00e9rante, de l&rsquo;instance de repr\u00e9sentation des personnels et du conseil de la vie sociale.<\/p><p>Les r\u00e9sultats de l&rsquo;\u00e9valuation feront \u00e9galement l&rsquo;objet d&rsquo;une diffusion publique, selon les modalit\u00e9s fix\u00e9es par un d\u00e9cret \u00e0 venir.<\/p>\t\t\t\t\t\t<\/div>\n\t\t\t\t<\/div>\n\t\t\t\t<div class=\"elementor-element elementor-element-8601cc3 elementor-widget elementor-widget-image\" data-id=\"8601cc3\" data-element_type=\"widget\" data-widget_type=\"image.default\">\n\t\t\t\t<div class=\"elementor-widget-container\">\n\t\t\t<style>\/*! elementor - v3.23.0 - 15-07-2024 *\/\n.elementor-widget-image{text-align:center}.elementor-widget-image a{display:inline-block}.elementor-widget-image a img[src$=\".svg\"]{width:48px}.elementor-widget-image img{vertical-align:middle;display:inline-block}<\/style>\t\t\t\t\t\t\t\t\t\t<img fetchpriority=\"high\" decoding=\"async\" width=\"483\" height=\"491\" src=\"https:\/\/kalivie.fr\/wp-content\/uploads\/2024\/08\/CARTE-DE-FRANCE-AV-RAPPORT.png\" class=\"attachment-large size-large wp-image-478\" alt=\"\" srcset=\"https:\/\/kalivie.fr\/wp-content\/uploads\/2024\/08\/CARTE-DE-FRANCE-AV-RAPPORT.png 483w, https:\/\/kalivie.fr\/wp-content\/uploads\/2024\/08\/CARTE-DE-FRANCE-AV-RAPPORT-295x300.png 295w\" sizes=\"(max-width: 483px) 100vw, 483px\" \/>\t\t\t\t\t\t\t\t\t\t\t\t\t<\/div>\n\t\t\t\t<\/div>\n\t\t\t\t\t<\/div>\n\t\t\t\t<\/div>\n\t\t<div class=\"elementor-element elementor-element-67e2d5d e-flex e-con-boxed e-con e-parent\" data-id=\"67e2d5d\" data-element_type=\"container\">\n\t\t\t\t\t<div class=\"e-con-inner\">\n\t\t<div class=\"elementor-element elementor-element-df5a4e5 e-con-full e-flex e-con e-child\" data-id=\"df5a4e5\" data-element_type=\"container\">\n\t\t\t\t<div class=\"elementor-element elementor-element-e8b1e31 elementor-mobile-align-center elementor-align-center elementor-widget elementor-widget-button\" data-id=\"e8b1e31\" data-element_type=\"widget\" data-widget_type=\"button.default\">\n\t\t\t\t<div class=\"elementor-widget-container\">\n\t\t\t\t\t<div class=\"elementor-button-wrapper\">\n\t\t\t<a class=\"elementor-button elementor-button-link elementor-size-sm\" href=\"https:\/\/kalivie.fr\/index.php\/la-demarche\/\">\n\t\t\t\t\t\t<span class=\"elementor-button-content-wrapper\">\n\t\t\t\t\t\t<span class=\"elementor-button-icon\">\n\t\t\t\t<svg aria-hidden=\"true\" class=\"e-font-icon-svg e-fas-arrow-alt-circle-left\" viewBox=\"0 0 512 512\" xmlns=\"http:\/\/www.w3.org\/2000\/svg\"><path d=\"M256 504C119 504 8 393 8 256S119 8 256 8s248 111 248 248-111 248-248 248zm116-292H256v-70.9c0-10.7-13-16.1-20.5-8.5L121.2 247.5c-4.7 4.7-4.7 12.2 0 16.9l114.3 114.9c7.6 7.6 20.5 2.2 20.5-8.5V300h116c6.6 0 12-5.4 12-12v-64c0-6.6-5.4-12-12-12z\"><\/path><\/svg>\t\t\t<\/span>\n\t\t\t\t\t\t\t\t\t<span class=\"elementor-button-text\">trois m\u00e9thodes<\/span>\n\t\t\t\t\t<\/span>\n\t\t\t\t\t<\/a>\n\t\t<\/div>\n\t\t\t\t<\/div>\n\t\t\t\t<\/div>\n\t\t\t\t<\/div>\n\t\t<div class=\"elementor-element elementor-element-4ab3f69 e-con-full e-flex e-con e-child\" data-id=\"4ab3f69\" data-element_type=\"container\">\n\t\t\t\t<div class=\"elementor-element elementor-element-ffb341a elementor-mobile-align-center elementor-align-center elementor-widget elementor-widget-button\" data-id=\"ffb341a\" data-element_type=\"widget\" data-widget_type=\"button.default\">\n\t\t\t\t<div class=\"elementor-widget-container\">\n\t\t\t\t\t<div class=\"elementor-button-wrapper\">\n\t\t\t<a class=\"elementor-button elementor-button-link elementor-size-sm\" href=\"https:\/\/kalivie.fr\/index.php\/des-evaluateurs-experimentes-et-accredites\/\">\n\t\t\t\t\t\t<span class=\"elementor-button-content-wrapper\">\n\t\t\t\t\t\t<span class=\"elementor-button-icon\">\n\t\t\t\t<svg aria-hidden=\"true\" class=\"e-font-icon-svg e-fas-arrow-alt-circle-right\" viewBox=\"0 0 512 512\" xmlns=\"http:\/\/www.w3.org\/2000\/svg\"><path d=\"M256 8c137 0 248 111 248 248S393 504 256 504 8 393 8 256 119 8 256 8zM140 300h116v70.9c0 10.7 13 16.1 20.5 8.5l114.3-114.9c4.7-4.7 4.7-12.2 0-16.9l-114.3-115c-7.6-7.6-20.5-2.2-20.5 8.5V212H140c-6.6 0-12 5.4-12 12v64c0 6.6 5.4 12 12 12z\"><\/path><\/svg>\t\t\t<\/span>\n\t\t\t\t\t\t\t\t\t<span class=\"elementor-button-text\">Evaluateurs expir\u00e9riment\u00e9s<\/span>\n\t\t\t\t\t<\/span>\n\t\t\t\t\t<\/a>\n\t\t<\/div>\n\t\t\t\t<\/div>\n\t\t\t\t<\/div>\n\t\t\t\t<\/div>\n\t\t\t\t\t<\/div>\n\t\t\t\t<\/div>\n\t\t<div class=\"elementor-element elementor-element-063ea57 e-flex e-con-boxed e-con e-parent\" data-id=\"063ea57\" data-element_type=\"container\">\n\t\t\t\t\t<div class=\"e-con-inner\">\n\t\t<div class=\"elementor-element elementor-element-86dd98d e-con-full e-flex e-con e-child\" data-id=\"86dd98d\" data-element_type=\"container\" data-settings=\"{&quot;background_background&quot;:&quot;classic&quot;}\">\n\t\t\t\t<div class=\"elementor-element elementor-element-9311d7e elementor-widget elementor-widget-heading\" data-id=\"9311d7e\" data-element_type=\"widget\" data-widget_type=\"heading.default\">\n\t\t\t\t<div class=\"elementor-widget-container\">\n\t\t\t<p class=\"elementor-heading-title elementor-size-default\">\u00a9 2024 tous droits r\u00e9serv\u00e9s<\/p>\t\t<\/div>\n\t\t\t\t<\/div>\n\t\t\t\t<\/div>\n\t\t\t\t\t<\/div>\n\t\t\t\t<\/div>\n\t\t\t\t<\/div>\n\t\t","protected":false},"excerpt":{"rendered":"<p>Des rapports d&rsquo;\u00e9valuation identiques Dans un objectif d&rsquo;harmonisation et de faciliter de lecture, la visite d&rsquo;\u00e9valuation fait l&rsquo;objet d&rsquo;un rapport d&rsquo;\u00e9valuation final construit selon une structure pr\u00e9d\u00e9finie commune \u00e0 tous les ESSMS. Une diffusion des rapports \u00e9largie Les r\u00e9sultats de l&rsquo;\u00e9valuation doivent \u00eatre toujours transmis \u00e0 l&rsquo;autorit\u00e9 de tarification et de contr\u00f4le mais \u00e9galement \u00e0 [&hellip;]<\/p>\n","protected":false},"author":1,"featured_media":0,"parent":0,"menu_order":0,"comment_status":"closed","ping_status":"closed","template":"","meta":{"footnotes":""},"class_list":["post-488","page","type-page","status-publish","hentry","entry"],"yoast_head":"<!-- This site is optimized with the Yoast SEO plugin v23.0 - https:\/\/yoast.com\/wordpress\/plugins\/seo\/ -->\n<title>Des rapports d&#039;\u00e9valuation - Kalivie<\/title>\n<meta name=\"robots\" content=\"index, follow, max-snippet:-1, max-image-preview:large, max-video-preview:-1\" \/>\n<link rel=\"canonical\" href=\"https:\/\/kalivie.fr\/index.php\/des-rapports-devaluation\/\" \/>\n<meta property=\"og:locale\" content=\"fr_FR\" \/>\n<meta property=\"og:type\" content=\"article\" \/>\n<meta property=\"og:title\" content=\"Des rapports d&#039;\u00e9valuation - Kalivie\" \/>\n<meta property=\"og:description\" content=\"Des rapports d&rsquo;\u00e9valuation identiques Dans un objectif d&rsquo;harmonisation et de faciliter de lecture, la visite d&rsquo;\u00e9valuation fait l&rsquo;objet d&rsquo;un rapport d&rsquo;\u00e9valuation final construit selon une structure pr\u00e9d\u00e9finie commune \u00e0 tous les ESSMS. Une diffusion des rapports \u00e9largie Les r\u00e9sultats de l&rsquo;\u00e9valuation doivent \u00eatre toujours transmis \u00e0 l&rsquo;autorit\u00e9 de tarification et de contr\u00f4le mais \u00e9galement \u00e0 [&hellip;]\" \/>\n<meta property=\"og:url\" content=\"https:\/\/kalivie.fr\/index.php\/des-rapports-devaluation\/\" \/>\n<meta property=\"og:site_name\" content=\"Kalivie\" \/>\n<meta property=\"article:modified_time\" content=\"2024-08-06T09:31:06+00:00\" \/>\n<meta property=\"og:image\" content=\"https:\/\/kalivie.fr\/wp-content\/uploads\/2024\/08\/CARTE-DE-FRANCE-AV-RAPPORT.png\" \/>\n<meta name=\"twitter:card\" content=\"summary_large_image\" \/>\n<meta name=\"twitter:label1\" content=\"Dur\u00e9e de lecture estim\u00e9e\" \/>\n\t<meta name=\"twitter:data1\" content=\"1 minute\" \/>\n<script type=\"application\/ld+json\" class=\"yoast-schema-graph\">{\"@context\":\"https:\/\/schema.org\",\"@graph\":[{\"@type\":\"WebPage\",\"@id\":\"https:\/\/kalivie.fr\/index.php\/des-rapports-devaluation\/\",\"url\":\"https:\/\/kalivie.fr\/index.php\/des-rapports-devaluation\/\",\"name\":\"Des rapports d'\u00e9valuation - Kalivie\",\"isPartOf\":{\"@id\":\"https:\/\/kalivie.fr\/#website\"},\"primaryImageOfPage\":{\"@id\":\"https:\/\/kalivie.fr\/index.php\/des-rapports-devaluation\/#primaryimage\"},\"image\":{\"@id\":\"https:\/\/kalivie.fr\/index.php\/des-rapports-devaluation\/#primaryimage\"},\"thumbnailUrl\":\"https:\/\/kalivie.fr\/wp-content\/uploads\/2024\/08\/CARTE-DE-FRANCE-AV-RAPPORT.png\",\"datePublished\":\"2024-08-06T08:45:13+00:00\",\"dateModified\":\"2024-08-06T09:31:06+00:00\",\"breadcrumb\":{\"@id\":\"https:\/\/kalivie.fr\/index.php\/des-rapports-devaluation\/#breadcrumb\"},\"inLanguage\":\"fr-FR\",\"potentialAction\":[{\"@type\":\"ReadAction\",\"target\":[\"https:\/\/kalivie.fr\/index.php\/des-rapports-devaluation\/\"]}]},{\"@type\":\"ImageObject\",\"inLanguage\":\"fr-FR\",\"@id\":\"https:\/\/kalivie.fr\/index.php\/des-rapports-devaluation\/#primaryimage\",\"url\":\"https:\/\/kalivie.fr\/wp-content\/uploads\/2024\/08\/CARTE-DE-FRANCE-AV-RAPPORT.png\",\"contentUrl\":\"https:\/\/kalivie.fr\/wp-content\/uploads\/2024\/08\/CARTE-DE-FRANCE-AV-RAPPORT.png\",\"width\":483,\"height\":491},{\"@type\":\"BreadcrumbList\",\"@id\":\"https:\/\/kalivie.fr\/index.php\/des-rapports-devaluation\/#breadcrumb\",\"itemListElement\":[{\"@type\":\"ListItem\",\"position\":1,\"name\":\"Accueil\",\"item\":\"https:\/\/kalivie.fr\/\"},{\"@type\":\"ListItem\",\"position\":2,\"name\":\"Des rapports d&rsquo;\u00e9valuation\"}]},{\"@type\":\"WebSite\",\"@id\":\"https:\/\/kalivie.fr\/#website\",\"url\":\"https:\/\/kalivie.fr\/\",\"name\":\"Kalivie\",\"description\":\"Votre \u00e9valuation des structures m\u00e9dico sociales\",\"publisher\":{\"@id\":\"https:\/\/kalivie.fr\/#organization\"},\"potentialAction\":[{\"@type\":\"SearchAction\",\"target\":{\"@type\":\"EntryPoint\",\"urlTemplate\":\"https:\/\/kalivie.fr\/?s={search_term_string}\"},\"query-input\":\"required name=search_term_string\"}],\"inLanguage\":\"fr-FR\"},{\"@type\":\"Organization\",\"@id\":\"https:\/\/kalivie.fr\/#organization\",\"name\":\"Kalivie\",\"url\":\"https:\/\/kalivie.fr\/\",\"logo\":{\"@type\":\"ImageObject\",\"inLanguage\":\"fr-FR\",\"@id\":\"https:\/\/kalivie.fr\/#\/schema\/logo\/image\/\",\"url\":\"https:\/\/kalivie.fr\/wp-content\/uploads\/2024\/06\/kalivie-1.png\",\"contentUrl\":\"https:\/\/kalivie.fr\/wp-content\/uploads\/2024\/06\/kalivie-1.png\",\"width\":512,\"height\":512,\"caption\":\"Kalivie\"},\"image\":{\"@id\":\"https:\/\/kalivie.fr\/#\/schema\/logo\/image\/\"}}]}<\/script>\n<!-- \/ Yoast SEO plugin. -->","yoast_head_json":{"title":"Des rapports d'\u00e9valuation - Kalivie","robots":{"index":"index","follow":"follow","max-snippet":"max-snippet:-1","max-image-preview":"max-image-preview:large","max-video-preview":"max-video-preview:-1"},"canonical":"https:\/\/kalivie.fr\/index.php\/des-rapports-devaluation\/","og_locale":"fr_FR","og_type":"article","og_title":"Des rapports d'\u00e9valuation - Kalivie","og_description":"Des rapports d&rsquo;\u00e9valuation identiques Dans un objectif d&rsquo;harmonisation et de faciliter de lecture, la visite d&rsquo;\u00e9valuation fait l&rsquo;objet d&rsquo;un rapport d&rsquo;\u00e9valuation final construit selon une structure pr\u00e9d\u00e9finie commune \u00e0 tous les ESSMS. Une diffusion des rapports \u00e9largie Les r\u00e9sultats de l&rsquo;\u00e9valuation doivent \u00eatre toujours transmis \u00e0 l&rsquo;autorit\u00e9 de tarification et de contr\u00f4le mais \u00e9galement \u00e0 [&hellip;]","og_url":"https:\/\/kalivie.fr\/index.php\/des-rapports-devaluation\/","og_site_name":"Kalivie","article_modified_time":"2024-08-06T09:31:06+00:00","og_image":[{"url":"https:\/\/kalivie.fr\/wp-content\/uploads\/2024\/08\/CARTE-DE-FRANCE-AV-RAPPORT.png"}],"twitter_card":"summary_large_image","twitter_misc":{"Dur\u00e9e de lecture estim\u00e9e":"1 minute"},"schema":{"@context":"https:\/\/schema.org","@graph":[{"@type":"WebPage","@id":"https:\/\/kalivie.fr\/index.php\/des-rapports-devaluation\/","url":"https:\/\/kalivie.fr\/index.php\/des-rapports-devaluation\/","name":"Des rapports d'\u00e9valuation - Kalivie","isPartOf":{"@id":"https:\/\/kalivie.fr\/#website"},"primaryImageOfPage":{"@id":"https:\/\/kalivie.fr\/index.php\/des-rapports-devaluation\/#primaryimage"},"image":{"@id":"https:\/\/kalivie.fr\/index.php\/des-rapports-devaluation\/#primaryimage"},"thumbnailUrl":"https:\/\/kalivie.fr\/wp-content\/uploads\/2024\/08\/CARTE-DE-FRANCE-AV-RAPPORT.png","datePublished":"2024-08-06T08:45:13+00:00","dateModified":"2024-08-06T09:31:06+00:00","breadcrumb":{"@id":"https:\/\/kalivie.fr\/index.php\/des-rapports-devaluation\/#breadcrumb"},"inLanguage":"fr-FR","potentialAction":[{"@type":"ReadAction","target":["https:\/\/kalivie.fr\/index.php\/des-rapports-devaluation\/"]}]},{"@type":"ImageObject","inLanguage":"fr-FR","@id":"https:\/\/kalivie.fr\/index.php\/des-rapports-devaluation\/#primaryimage","url":"https:\/\/kalivie.fr\/wp-content\/uploads\/2024\/08\/CARTE-DE-FRANCE-AV-RAPPORT.png","contentUrl":"https:\/\/kalivie.fr\/wp-content\/uploads\/2024\/08\/CARTE-DE-FRANCE-AV-RAPPORT.png","width":483,"height":491},{"@type":"BreadcrumbList","@id":"https:\/\/kalivie.fr\/index.php\/des-rapports-devaluation\/#breadcrumb","itemListElement":[{"@type":"ListItem","position":1,"name":"Accueil","item":"https:\/\/kalivie.fr\/"},{"@type":"ListItem","position":2,"name":"Des rapports d&rsquo;\u00e9valuation"}]},{"@type":"WebSite","@id":"https:\/\/kalivie.fr\/#website","url":"https:\/\/kalivie.fr\/","name":"Kalivie","description":"Votre \u00e9valuation des structures m\u00e9dico sociales","publisher":{"@id":"https:\/\/kalivie.fr\/#organization"},"potentialAction":[{"@type":"SearchAction","target":{"@type":"EntryPoint","urlTemplate":"https:\/\/kalivie.fr\/?s={search_term_string}"},"query-input":"required name=search_term_string"}],"inLanguage":"fr-FR"},{"@type":"Organization","@id":"https:\/\/kalivie.fr\/#organization","name":"Kalivie","url":"https:\/\/kalivie.fr\/","logo":{"@type":"ImageObject","inLanguage":"fr-FR","@id":"https:\/\/kalivie.fr\/#\/schema\/logo\/image\/","url":"https:\/\/kalivie.fr\/wp-content\/uploads\/2024\/06\/kalivie-1.png","contentUrl":"https:\/\/kalivie.fr\/wp-content\/uploads\/2024\/06\/kalivie-1.png","width":512,"height":512,"caption":"Kalivie"},"image":{"@id":"https:\/\/kalivie.fr\/#\/schema\/logo\/image\/"}}]}},"_links":{"self":[{"href":"https:\/\/kalivie.fr\/index.php\/wp-json\/wp\/v2\/pages\/488","targetHints":{"allow":["GET"]}}],"collection":[{"href":"https:\/\/kalivie.fr\/index.php\/wp-json\/wp\/v2\/pages"}],"about":[{"href":"https:\/\/kalivie.fr\/index.php\/wp-json\/wp\/v2\/types\/page"}],"author":[{"embeddable":true,"href":"https:\/\/kalivie.fr\/index.php\/wp-json\/wp\/v2\/users\/1"}],"replies":[{"embeddable":true,"href":"https:\/\/kalivie.fr\/index.php\/wp-json\/wp\/v2\/comments?post=488"}],"version-history":[{"count":8,"href":"https:\/\/kalivie.fr\/index.php\/wp-json\/wp\/v2\/pages\/488\/revisions"}],"predecessor-version":[{"id":509,"href":"https:\/\/kalivie.fr\/index.php\/wp-json\/wp\/v2\/pages\/488\/revisions\/509"}],"wp:attachment":[{"href":"https:\/\/kalivie.fr\/index.php\/wp-json\/wp\/v2\/media?parent=488"}],"curies":[{"name":"wp","href":"https:\/\/api.w.org\/{rel}","templated":true}]}}