{"id":500,"date":"2024-08-06T11:21:42","date_gmt":"2024-08-06T09:21:42","guid":{"rendered":"https:\/\/kalivie.fr\/?page_id=500"},"modified":"2024-08-06T15:09:11","modified_gmt":"2024-08-06T13:09:11","slug":"des-evaluateurs-experimentes-et-accredites","status":"publish","type":"page","link":"https:\/\/kalivie.fr\/index.php\/des-evaluateurs-experimentes-et-accredites\/","title":{"rendered":"Des \u00e9valuateurs exp\u00e9riment\u00e9s et accr\u00e9dit\u00e9s"},"content":{"rendered":"\t\t<div data-elementor-type=\"wp-page\" data-elementor-id=\"500\" class=\"elementor elementor-500\">\n\t\t\t\t<div class=\"elementor-element elementor-element-e79f46d e-flex e-con-boxed e-con e-parent\" data-id=\"e79f46d\" data-element_type=\"container\">\n\t\t\t\t\t<div class=\"e-con-inner\">\n\t\t\t\t<div class=\"elementor-element elementor-element-5de4110 elementor-widget elementor-widget-heading\" data-id=\"5de4110\" data-element_type=\"widget\" data-widget_type=\"heading.default\">\n\t\t\t\t<div class=\"elementor-widget-container\">\n\t\t\t<style>\/*! elementor - v3.23.0 - 15-07-2024 *\/\n.elementor-heading-title{padding:0;margin:0;line-height:1}.elementor-widget-heading .elementor-heading-title[class*=elementor-size-]>a{color:inherit;font-size:inherit;line-height:inherit}.elementor-widget-heading .elementor-heading-title.elementor-size-small{font-size:15px}.elementor-widget-heading .elementor-heading-title.elementor-size-medium{font-size:19px}.elementor-widget-heading .elementor-heading-title.elementor-size-large{font-size:29px}.elementor-widget-heading .elementor-heading-title.elementor-size-xl{font-size:39px}.elementor-widget-heading .elementor-heading-title.elementor-size-xxl{font-size:59px}<\/style><h2 class=\"elementor-heading-title elementor-size-default\">De nouvelles exigences pour Les organismes \u00e9valuateurs\n<\/h2>\t\t<\/div>\n\t\t\t\t<\/div>\n\t\t\t\t<div class=\"elementor-element elementor-element-7bdca07 elementor-widget elementor-widget-text-editor\" data-id=\"7bdca07\" data-element_type=\"widget\" data-widget_type=\"text-editor.default\">\n\t\t\t\t<div class=\"elementor-widget-container\">\n\t\t\t<style>\/*! elementor - v3.23.0 - 15-07-2024 *\/\n.elementor-widget-text-editor.elementor-drop-cap-view-stacked .elementor-drop-cap{background-color:#69727d;color:#fff}.elementor-widget-text-editor.elementor-drop-cap-view-framed .elementor-drop-cap{color:#69727d;border:3px solid;background-color:transparent}.elementor-widget-text-editor:not(.elementor-drop-cap-view-default) .elementor-drop-cap{margin-top:8px}.elementor-widget-text-editor:not(.elementor-drop-cap-view-default) .elementor-drop-cap-letter{width:1em;height:1em}.elementor-widget-text-editor .elementor-drop-cap{float:left;text-align:center;line-height:1;font-size:50px}.elementor-widget-text-editor .elementor-drop-cap-letter{display:inline-block}<\/style>\t\t\t\t<p>La HAS poursuit le but de :<\/p><ul><li>Renforcer leur professionnalisation ainsi que la robustesse des m\u00e9thodes employ\u00e9es pour proc\u00e9der aux \u00e9valuations ;<\/li><li>Garantir leur ind\u00e9pendance dans la r\u00e9alisation des \u00e9valuations.<\/li><\/ul>\t\t\t\t\t\t<\/div>\n\t\t\t\t<\/div>\n\t\t\t\t<div class=\"elementor-element elementor-element-249083c elementor-widget elementor-widget-heading\" data-id=\"249083c\" data-element_type=\"widget\" data-widget_type=\"heading.default\">\n\t\t\t\t<div class=\"elementor-widget-container\">\n\t\t\t<h2 class=\"elementor-heading-title elementor-size-default\">La fin de la distinction \u00e9valuation interne- \u00e9valuation externe\n<\/h2>\t\t<\/div>\n\t\t\t\t<\/div>\n\t\t\t\t<div class=\"elementor-element elementor-element-dd32cd4 elementor-widget elementor-widget-text-editor\" data-id=\"dd32cd4\" data-element_type=\"widget\" data-widget_type=\"text-editor.default\">\n\t\t\t\t<div class=\"elementor-widget-container\">\n\t\t\t\t\t\t\t<p>La proc\u00e9dure d&rsquo;\u00e9valuation est construite selon un cycle qui inclut :<\/p><ul><li>Des auto-\u00e9valuations et des actions sp\u00e9cifiques en lien avec l\u2019activit\u00e9 de la structure et toutes actions engag\u00e9es par l&rsquo;ESSMS pour am\u00e9liorer la qualit\u00e9 au b\u00e9n\u00e9fice des personnes accueillies.<\/li><li>Une \u00e9valuation tous les 5 ans par un organisme tiers ind\u00e9pendant de la structure.<\/li><\/ul>\t\t\t\t\t\t<\/div>\n\t\t\t\t<\/div>\n\t\t\t\t<div class=\"elementor-element elementor-element-14cd8ed elementor-widget elementor-widget-image\" data-id=\"14cd8ed\" data-element_type=\"widget\" data-widget_type=\"image.default\">\n\t\t\t\t<div class=\"elementor-widget-container\">\n\t\t\t<style>\/*! elementor - v3.23.0 - 15-07-2024 *\/\n.elementor-widget-image{text-align:center}.elementor-widget-image a{display:inline-block}.elementor-widget-image a img[src$=\".svg\"]{width:48px}.elementor-widget-image img{vertical-align:middle;display:inline-block}<\/style>\t\t\t\t\t\t\t\t\t\t<img fetchpriority=\"high\" decoding=\"async\" width=\"1020\" height=\"648\" src=\"https:\/\/kalivie.fr\/wp-content\/uploads\/2024\/08\/EVALUATEURS.png\" class=\"attachment-large size-large wp-image-502\" alt=\"\" srcset=\"https:\/\/kalivie.fr\/wp-content\/uploads\/2024\/08\/EVALUATEURS.png 1020w, https:\/\/kalivie.fr\/wp-content\/uploads\/2024\/08\/EVALUATEURS-300x191.png 300w, https:\/\/kalivie.fr\/wp-content\/uploads\/2024\/08\/EVALUATEURS-768x488.png 768w\" sizes=\"(max-width: 1020px) 100vw, 1020px\" \/>\t\t\t\t\t\t\t\t\t\t\t\t\t<\/div>\n\t\t\t\t<\/div>\n\t\t\t\t\t<\/div>\n\t\t\t\t<\/div>\n\t\t<div class=\"elementor-element elementor-element-b6517b3 e-flex e-con-boxed e-con e-parent\" data-id=\"b6517b3\" data-element_type=\"container\">\n\t\t\t\t\t<div class=\"e-con-inner\">\n\t\t<div class=\"elementor-element elementor-element-378ec8f e-con-full e-flex e-con e-child\" data-id=\"378ec8f\" data-element_type=\"container\">\n\t\t\t\t<div class=\"elementor-element elementor-element-52ddff6 elementor-mobile-align-center elementor-align-center elementor-widget elementor-widget-button\" data-id=\"52ddff6\" data-element_type=\"widget\" data-widget_type=\"button.default\">\n\t\t\t\t<div class=\"elementor-widget-container\">\n\t\t\t\t\t<div class=\"elementor-button-wrapper\">\n\t\t\t<a class=\"elementor-button elementor-button-link elementor-size-sm\" href=\"https:\/\/kalivie.fr\/index.php\/des-rapports-devaluation\/\">\n\t\t\t\t\t\t<span class=\"elementor-button-content-wrapper\">\n\t\t\t\t\t\t<span class=\"elementor-button-icon\">\n\t\t\t\t<svg aria-hidden=\"true\" class=\"e-font-icon-svg e-fas-arrow-alt-circle-left\" viewBox=\"0 0 512 512\" xmlns=\"http:\/\/www.w3.org\/2000\/svg\"><path d=\"M256 504C119 504 8 393 8 256S119 8 256 8s248 111 248 248-111 248-248 248zm116-292H256v-70.9c0-10.7-13-16.1-20.5-8.5L121.2 247.5c-4.7 4.7-4.7 12.2 0 16.9l114.3 114.9c7.6 7.6 20.5 2.2 20.5-8.5V300h116c6.6 0 12-5.4 12-12v-64c0-6.6-5.4-12-12-12z\"><\/path><\/svg>\t\t\t<\/span>\n\t\t\t\t\t\t\t\t\t<span class=\"elementor-button-text\">des rapports d'\u00e9valuations<\/span>\n\t\t\t\t\t<\/span>\n\t\t\t\t\t<\/a>\n\t\t<\/div>\n\t\t\t\t<\/div>\n\t\t\t\t<\/div>\n\t\t\t\t<\/div>\n\t\t<div class=\"elementor-element elementor-element-14e17e6 e-con-full e-flex e-con e-child\" data-id=\"14e17e6\" data-element_type=\"container\">\n\t\t\t\t<div class=\"elementor-element elementor-element-1fadb7d elementor-mobile-align-center elementor-align-center elementor-widget elementor-widget-button\" data-id=\"1fadb7d\" data-element_type=\"widget\" data-widget_type=\"button.default\">\n\t\t\t\t<div class=\"elementor-widget-container\">\n\t\t\t\t\t<div class=\"elementor-button-wrapper\">\n\t\t\t<a class=\"elementor-button elementor-button-link elementor-size-sm\" href=\"https:\/\/kalivie.fr\/index.php\/un-nouveau-dispositif-devaluation\/\">\n\t\t\t\t\t\t<span class=\"elementor-button-content-wrapper\">\n\t\t\t\t\t\t<span class=\"elementor-button-icon\">\n\t\t\t\t<svg aria-hidden=\"true\" class=\"e-font-icon-svg e-fas-arrow-alt-circle-right\" viewBox=\"0 0 512 512\" xmlns=\"http:\/\/www.w3.org\/2000\/svg\"><path d=\"M256 8c137 0 248 111 248 248S393 504 256 504 8 393 8 256 119 8 256 8zM140 300h116v70.9c0 10.7 13 16.1 20.5 8.5l114.3-114.9c4.7-4.7 4.7-12.2 0-16.9l-114.3-115c-7.6-7.6-20.5-2.2-20.5 8.5V212H140c-6.6 0-12 5.4-12 12v64c0 6.6 5.4 12 12 12z\"><\/path><\/svg>\t\t\t<\/span>\n\t\t\t\t\t\t\t\t\t<span class=\"elementor-button-text\">Nouveau dispositif d'\u00e9valuation<\/span>\n\t\t\t\t\t<\/span>\n\t\t\t\t\t<\/a>\n\t\t<\/div>\n\t\t\t\t<\/div>\n\t\t\t\t<\/div>\n\t\t\t\t<\/div>\n\t\t\t\t\t<\/div>\n\t\t\t\t<\/div>\n\t\t<div class=\"elementor-element elementor-element-3d5bce0 e-flex e-con-boxed e-con e-parent\" data-id=\"3d5bce0\" data-element_type=\"container\">\n\t\t\t\t\t<div class=\"e-con-inner\">\n\t\t<div class=\"elementor-element elementor-element-404cf27 e-con-full e-flex e-con e-child\" data-id=\"404cf27\" data-element_type=\"container\" data-settings=\"{&quot;background_background&quot;:&quot;classic&quot;}\">\n\t\t\t\t<div class=\"elementor-element elementor-element-6b10e01 elementor-widget elementor-widget-heading\" data-id=\"6b10e01\" data-element_type=\"widget\" data-widget_type=\"heading.default\">\n\t\t\t\t<div class=\"elementor-widget-container\">\n\t\t\t<p class=\"elementor-heading-title elementor-size-default\">\u00a9 2024 tous droits r\u00e9serv\u00e9s<\/p>\t\t<\/div>\n\t\t\t\t<\/div>\n\t\t\t\t<\/div>\n\t\t\t\t\t<\/div>\n\t\t\t\t<\/div>\n\t\t\t\t<\/div>\n\t\t","protected":false},"excerpt":{"rendered":"<p>De nouvelles exigences pour Les organismes \u00e9valuateurs La HAS poursuit le but de : Renforcer leur professionnalisation ainsi que la robustesse des m\u00e9thodes employ\u00e9es pour proc\u00e9der aux \u00e9valuations ; Garantir leur ind\u00e9pendance dans la r\u00e9alisation des \u00e9valuations. La fin de la distinction \u00e9valuation interne- \u00e9valuation externe La proc\u00e9dure d&rsquo;\u00e9valuation est construite selon un cycle qui [&hellip;]<\/p>\n","protected":false},"author":1,"featured_media":0,"parent":0,"menu_order":0,"comment_status":"closed","ping_status":"closed","template":"","meta":{"footnotes":""},"class_list":["post-500","page","type-page","status-publish","hentry","entry"],"yoast_head":"<!-- This site is optimized with the Yoast SEO plugin v23.0 - https:\/\/yoast.com\/wordpress\/plugins\/seo\/ -->\n<title>Des \u00e9valuateurs exp\u00e9riment\u00e9s et accr\u00e9dit\u00e9s - Kalivie<\/title>\n<meta name=\"robots\" content=\"index, follow, max-snippet:-1, max-image-preview:large, max-video-preview:-1\" \/>\n<link rel=\"canonical\" href=\"https:\/\/kalivie.fr\/index.php\/des-evaluateurs-experimentes-et-accredites\/\" \/>\n<meta property=\"og:locale\" content=\"fr_FR\" \/>\n<meta property=\"og:type\" content=\"article\" \/>\n<meta property=\"og:title\" content=\"Des \u00e9valuateurs exp\u00e9riment\u00e9s et accr\u00e9dit\u00e9s - Kalivie\" \/>\n<meta property=\"og:description\" content=\"De nouvelles exigences pour Les organismes \u00e9valuateurs La HAS poursuit le but de : Renforcer leur professionnalisation ainsi que la robustesse des m\u00e9thodes employ\u00e9es pour proc\u00e9der aux \u00e9valuations ; Garantir leur ind\u00e9pendance dans la r\u00e9alisation des \u00e9valuations. La fin de la distinction \u00e9valuation interne- \u00e9valuation externe La proc\u00e9dure d&rsquo;\u00e9valuation est construite selon un cycle qui [&hellip;]\" \/>\n<meta property=\"og:url\" content=\"https:\/\/kalivie.fr\/index.php\/des-evaluateurs-experimentes-et-accredites\/\" \/>\n<meta property=\"og:site_name\" content=\"Kalivie\" \/>\n<meta property=\"article:modified_time\" content=\"2024-08-06T13:09:11+00:00\" \/>\n<meta property=\"og:image\" content=\"https:\/\/kalivie.fr\/wp-content\/uploads\/2024\/08\/EVALUATEURS.png\" \/>\n<meta name=\"twitter:card\" content=\"summary_large_image\" \/>\n<meta name=\"twitter:label1\" content=\"Dur\u00e9e de lecture estim\u00e9e\" \/>\n\t<meta name=\"twitter:data1\" content=\"1 minute\" \/>\n<script type=\"application\/ld+json\" class=\"yoast-schema-graph\">{\"@context\":\"https:\/\/schema.org\",\"@graph\":[{\"@type\":\"WebPage\",\"@id\":\"https:\/\/kalivie.fr\/index.php\/des-evaluateurs-experimentes-et-accredites\/\",\"url\":\"https:\/\/kalivie.fr\/index.php\/des-evaluateurs-experimentes-et-accredites\/\",\"name\":\"Des \u00e9valuateurs exp\u00e9riment\u00e9s et accr\u00e9dit\u00e9s - Kalivie\",\"isPartOf\":{\"@id\":\"https:\/\/kalivie.fr\/#website\"},\"primaryImageOfPage\":{\"@id\":\"https:\/\/kalivie.fr\/index.php\/des-evaluateurs-experimentes-et-accredites\/#primaryimage\"},\"image\":{\"@id\":\"https:\/\/kalivie.fr\/index.php\/des-evaluateurs-experimentes-et-accredites\/#primaryimage\"},\"thumbnailUrl\":\"https:\/\/kalivie.fr\/wp-content\/uploads\/2024\/08\/EVALUATEURS.png\",\"datePublished\":\"2024-08-06T09:21:42+00:00\",\"dateModified\":\"2024-08-06T13:09:11+00:00\",\"breadcrumb\":{\"@id\":\"https:\/\/kalivie.fr\/index.php\/des-evaluateurs-experimentes-et-accredites\/#breadcrumb\"},\"inLanguage\":\"fr-FR\",\"potentialAction\":[{\"@type\":\"ReadAction\",\"target\":[\"https:\/\/kalivie.fr\/index.php\/des-evaluateurs-experimentes-et-accredites\/\"]}]},{\"@type\":\"ImageObject\",\"inLanguage\":\"fr-FR\",\"@id\":\"https:\/\/kalivie.fr\/index.php\/des-evaluateurs-experimentes-et-accredites\/#primaryimage\",\"url\":\"https:\/\/kalivie.fr\/wp-content\/uploads\/2024\/08\/EVALUATEURS.png\",\"contentUrl\":\"https:\/\/kalivie.fr\/wp-content\/uploads\/2024\/08\/EVALUATEURS.png\",\"width\":1020,\"height\":648},{\"@type\":\"BreadcrumbList\",\"@id\":\"https:\/\/kalivie.fr\/index.php\/des-evaluateurs-experimentes-et-accredites\/#breadcrumb\",\"itemListElement\":[{\"@type\":\"ListItem\",\"position\":1,\"name\":\"Accueil\",\"item\":\"https:\/\/kalivie.fr\/\"},{\"@type\":\"ListItem\",\"position\":2,\"name\":\"Des \u00e9valuateurs exp\u00e9riment\u00e9s et accr\u00e9dit\u00e9s\"}]},{\"@type\":\"WebSite\",\"@id\":\"https:\/\/kalivie.fr\/#website\",\"url\":\"https:\/\/kalivie.fr\/\",\"name\":\"Kalivie\",\"description\":\"Votre \u00e9valuation des structures m\u00e9dico sociales\",\"publisher\":{\"@id\":\"https:\/\/kalivie.fr\/#organization\"},\"potentialAction\":[{\"@type\":\"SearchAction\",\"target\":{\"@type\":\"EntryPoint\",\"urlTemplate\":\"https:\/\/kalivie.fr\/?s={search_term_string}\"},\"query-input\":\"required name=search_term_string\"}],\"inLanguage\":\"fr-FR\"},{\"@type\":\"Organization\",\"@id\":\"https:\/\/kalivie.fr\/#organization\",\"name\":\"Kalivie\",\"url\":\"https:\/\/kalivie.fr\/\",\"logo\":{\"@type\":\"ImageObject\",\"inLanguage\":\"fr-FR\",\"@id\":\"https:\/\/kalivie.fr\/#\/schema\/logo\/image\/\",\"url\":\"https:\/\/kalivie.fr\/wp-content\/uploads\/2024\/06\/kalivie-1.png\",\"contentUrl\":\"https:\/\/kalivie.fr\/wp-content\/uploads\/2024\/06\/kalivie-1.png\",\"width\":512,\"height\":512,\"caption\":\"Kalivie\"},\"image\":{\"@id\":\"https:\/\/kalivie.fr\/#\/schema\/logo\/image\/\"}}]}<\/script>\n<!-- \/ Yoast SEO plugin. -->","yoast_head_json":{"title":"Des \u00e9valuateurs exp\u00e9riment\u00e9s et accr\u00e9dit\u00e9s - Kalivie","robots":{"index":"index","follow":"follow","max-snippet":"max-snippet:-1","max-image-preview":"max-image-preview:large","max-video-preview":"max-video-preview:-1"},"canonical":"https:\/\/kalivie.fr\/index.php\/des-evaluateurs-experimentes-et-accredites\/","og_locale":"fr_FR","og_type":"article","og_title":"Des \u00e9valuateurs exp\u00e9riment\u00e9s et accr\u00e9dit\u00e9s - Kalivie","og_description":"De nouvelles exigences pour Les organismes \u00e9valuateurs La HAS poursuit le but de : Renforcer leur professionnalisation ainsi que la robustesse des m\u00e9thodes employ\u00e9es pour proc\u00e9der aux \u00e9valuations ; Garantir leur ind\u00e9pendance dans la r\u00e9alisation des \u00e9valuations. La fin de la distinction \u00e9valuation interne- \u00e9valuation externe La proc\u00e9dure d&rsquo;\u00e9valuation est construite selon un cycle qui [&hellip;]","og_url":"https:\/\/kalivie.fr\/index.php\/des-evaluateurs-experimentes-et-accredites\/","og_site_name":"Kalivie","article_modified_time":"2024-08-06T13:09:11+00:00","og_image":[{"url":"https:\/\/kalivie.fr\/wp-content\/uploads\/2024\/08\/EVALUATEURS.png"}],"twitter_card":"summary_large_image","twitter_misc":{"Dur\u00e9e de lecture estim\u00e9e":"1 minute"},"schema":{"@context":"https:\/\/schema.org","@graph":[{"@type":"WebPage","@id":"https:\/\/kalivie.fr\/index.php\/des-evaluateurs-experimentes-et-accredites\/","url":"https:\/\/kalivie.fr\/index.php\/des-evaluateurs-experimentes-et-accredites\/","name":"Des \u00e9valuateurs exp\u00e9riment\u00e9s et accr\u00e9dit\u00e9s - Kalivie","isPartOf":{"@id":"https:\/\/kalivie.fr\/#website"},"primaryImageOfPage":{"@id":"https:\/\/kalivie.fr\/index.php\/des-evaluateurs-experimentes-et-accredites\/#primaryimage"},"image":{"@id":"https:\/\/kalivie.fr\/index.php\/des-evaluateurs-experimentes-et-accredites\/#primaryimage"},"thumbnailUrl":"https:\/\/kalivie.fr\/wp-content\/uploads\/2024\/08\/EVALUATEURS.png","datePublished":"2024-08-06T09:21:42+00:00","dateModified":"2024-08-06T13:09:11+00:00","breadcrumb":{"@id":"https:\/\/kalivie.fr\/index.php\/des-evaluateurs-experimentes-et-accredites\/#breadcrumb"},"inLanguage":"fr-FR","potentialAction":[{"@type":"ReadAction","target":["https:\/\/kalivie.fr\/index.php\/des-evaluateurs-experimentes-et-accredites\/"]}]},{"@type":"ImageObject","inLanguage":"fr-FR","@id":"https:\/\/kalivie.fr\/index.php\/des-evaluateurs-experimentes-et-accredites\/#primaryimage","url":"https:\/\/kalivie.fr\/wp-content\/uploads\/2024\/08\/EVALUATEURS.png","contentUrl":"https:\/\/kalivie.fr\/wp-content\/uploads\/2024\/08\/EVALUATEURS.png","width":1020,"height":648},{"@type":"BreadcrumbList","@id":"https:\/\/kalivie.fr\/index.php\/des-evaluateurs-experimentes-et-accredites\/#breadcrumb","itemListElement":[{"@type":"ListItem","position":1,"name":"Accueil","item":"https:\/\/kalivie.fr\/"},{"@type":"ListItem","position":2,"name":"Des \u00e9valuateurs exp\u00e9riment\u00e9s et accr\u00e9dit\u00e9s"}]},{"@type":"WebSite","@id":"https:\/\/kalivie.fr\/#website","url":"https:\/\/kalivie.fr\/","name":"Kalivie","description":"Votre \u00e9valuation des structures m\u00e9dico sociales","publisher":{"@id":"https:\/\/kalivie.fr\/#organization"},"potentialAction":[{"@type":"SearchAction","target":{"@type":"EntryPoint","urlTemplate":"https:\/\/kalivie.fr\/?s={search_term_string}"},"query-input":"required name=search_term_string"}],"inLanguage":"fr-FR"},{"@type":"Organization","@id":"https:\/\/kalivie.fr\/#organization","name":"Kalivie","url":"https:\/\/kalivie.fr\/","logo":{"@type":"ImageObject","inLanguage":"fr-FR","@id":"https:\/\/kalivie.fr\/#\/schema\/logo\/image\/","url":"https:\/\/kalivie.fr\/wp-content\/uploads\/2024\/06\/kalivie-1.png","contentUrl":"https:\/\/kalivie.fr\/wp-content\/uploads\/2024\/06\/kalivie-1.png","width":512,"height":512,"caption":"Kalivie"},"image":{"@id":"https:\/\/kalivie.fr\/#\/schema\/logo\/image\/"}}]}},"_links":{"self":[{"href":"https:\/\/kalivie.fr\/index.php\/wp-json\/wp\/v2\/pages\/500","targetHints":{"allow":["GET"]}}],"collection":[{"href":"https:\/\/kalivie.fr\/index.php\/wp-json\/wp\/v2\/pages"}],"about":[{"href":"https:\/\/kalivie.fr\/index.php\/wp-json\/wp\/v2\/types\/page"}],"author":[{"embeddable":true,"href":"https:\/\/kalivie.fr\/index.php\/wp-json\/wp\/v2\/users\/1"}],"replies":[{"embeddable":true,"href":"https:\/\/kalivie.fr\/index.php\/wp-json\/wp\/v2\/comments?post=500"}],"version-history":[{"count":14,"href":"https:\/\/kalivie.fr\/index.php\/wp-json\/wp\/v2\/pages\/500\/revisions"}],"predecessor-version":[{"id":582,"href":"https:\/\/kalivie.fr\/index.php\/wp-json\/wp\/v2\/pages\/500\/revisions\/582"}],"wp:attachment":[{"href":"https:\/\/kalivie.fr\/index.php\/wp-json\/wp\/v2\/media?parent=500"}],"curies":[{"name":"wp","href":"https:\/\/api.w.org\/{rel}","templated":true}]}}