{"id":516,"date":"2024-08-06T11:36:41","date_gmt":"2024-08-06T09:36:41","guid":{"rendered":"https:\/\/kalivie.fr\/?page_id=516"},"modified":"2024-08-06T15:11:19","modified_gmt":"2024-08-06T13:11:19","slug":"un-nouveau-dispositif-devaluation","status":"publish","type":"page","link":"https:\/\/kalivie.fr\/index.php\/un-nouveau-dispositif-devaluation\/","title":{"rendered":"Un nouveau dispositif d&rsquo;\u00e9valuation"},"content":{"rendered":"\t\t<div data-elementor-type=\"wp-page\" data-elementor-id=\"516\" class=\"elementor elementor-516\">\n\t\t\t\t<div class=\"elementor-element elementor-element-4bb7e9d e-flex e-con-boxed e-con e-parent\" data-id=\"4bb7e9d\" data-element_type=\"container\">\n\t\t\t\t\t<div class=\"e-con-inner\">\n\t\t\t\t<div class=\"elementor-element elementor-element-7f220e5 elementor-widget elementor-widget-heading\" data-id=\"7f220e5\" data-element_type=\"widget\" data-widget_type=\"heading.default\">\n\t\t\t\t<div class=\"elementor-widget-container\">\n\t\t\t<style>\/*! elementor - v3.23.0 - 15-07-2024 *\/\n.elementor-heading-title{padding:0;margin:0;line-height:1}.elementor-widget-heading .elementor-heading-title[class*=elementor-size-]>a{color:inherit;font-size:inherit;line-height:inherit}.elementor-widget-heading .elementor-heading-title.elementor-size-small{font-size:15px}.elementor-widget-heading .elementor-heading-title.elementor-size-medium{font-size:19px}.elementor-widget-heading .elementor-heading-title.elementor-size-large{font-size:29px}.elementor-widget-heading .elementor-heading-title.elementor-size-xl{font-size:39px}.elementor-widget-heading .elementor-heading-title.elementor-size-xxl{font-size:59px}<\/style><h2 class=\"elementor-heading-title elementor-size-default\">Comment le dispositif d'\u00e9valuation a \u00e9t\u00e9 construit<\/h2>\t\t<\/div>\n\t\t\t\t<\/div>\n\t\t\t\t<div class=\"elementor-element elementor-element-b12f631 elementor-widget elementor-widget-text-editor\" data-id=\"b12f631\" data-element_type=\"widget\" data-widget_type=\"text-editor.default\">\n\t\t\t\t<div class=\"elementor-widget-container\">\n\t\t\t<style>\/*! elementor - v3.23.0 - 15-07-2024 *\/\n.elementor-widget-text-editor.elementor-drop-cap-view-stacked .elementor-drop-cap{background-color:#69727d;color:#fff}.elementor-widget-text-editor.elementor-drop-cap-view-framed .elementor-drop-cap{color:#69727d;border:3px solid;background-color:transparent}.elementor-widget-text-editor:not(.elementor-drop-cap-view-default) .elementor-drop-cap{margin-top:8px}.elementor-widget-text-editor:not(.elementor-drop-cap-view-default) .elementor-drop-cap-letter{width:1em;height:1em}.elementor-widget-text-editor .elementor-drop-cap{float:left;text-align:center;line-height:1;font-size:50px}.elementor-widget-text-editor .elementor-drop-cap-letter{display:inline-block}<\/style>\t\t\t\t<p>Le Coll\u00e8ge et la commission sociale et m\u00e9dico-sociale (CSMS) de la HAS ont d\u00e9fini trois enjeux de la d\u00e9marche d&rsquo;\u00e9valuation.<\/p><p>Celle-ci vise \u00e0 :<\/p><ul><li>Permettre \u00e0 la personne d&rsquo;\u00eatre actrice de son parcours.<\/li><li>Renforcer la dynamique qualit\u00e9 au sein des \u00e9tablissements et services.<\/li><li>Promouvoir une d\u00e9marche porteuse de sens pour les ESSMS et leurs professionnels.<\/li><\/ul><p>Le Coll\u00e8ge et la CSMS ont \u00e9galement fix\u00e9 une ligne directrice visant \u00e0 \u00e9laborer le r\u00e9f\u00e9rentiel d&rsquo;\u00e9valuation sur une approche centr\u00e9e sur la personne accompagn\u00e9e.<\/p><p>Le r\u00e9f\u00e9rentiel d&rsquo;\u00e9valuation de la qualit\u00e9 porte quatre valeurs fondamentales :<\/p><ul><li>Le pouvoir d&rsquo;agir de la personne<\/li><li>Le respect des droits fondamentaux<\/li><li>L&rsquo;approche inclusive des accompagnements<\/li><li>La r\u00e9flexion \u00e9thique des professionnels<\/li><\/ul><p>Sur les fondements de ce cadrage strat\u00e9gique, la HAS a fait le choix de co\u00adconstruire le r\u00e9f\u00e9rentiel avec l&rsquo;ensemble des acteurs professionnels et les personnes accompagn\u00e9es du secteur social et m\u00e9dico-social. Elle l&rsquo;a \u00e9galement exp\u00e9riment\u00e9 en conditions r\u00e9elles avant finalisation.<\/p>\t\t\t\t\t\t<\/div>\n\t\t\t\t<\/div>\n\t\t\t\t<div class=\"elementor-element elementor-element-c7c0b04 elementor-widget elementor-widget-image\" data-id=\"c7c0b04\" data-element_type=\"widget\" data-widget_type=\"image.default\">\n\t\t\t\t<div class=\"elementor-widget-container\">\n\t\t\t<style>\/*! elementor - v3.23.0 - 15-07-2024 *\/\n.elementor-widget-image{text-align:center}.elementor-widget-image a{display:inline-block}.elementor-widget-image a img[src$=\".svg\"]{width:48px}.elementor-widget-image img{vertical-align:middle;display:inline-block}<\/style>\t\t\t\t\t\t\t\t\t\t<img fetchpriority=\"high\" decoding=\"async\" width=\"1024\" height=\"683\" src=\"https:\/\/kalivie.fr\/wp-content\/uploads\/2024\/08\/MECCANO.png\" class=\"attachment-large size-large wp-image-519\" alt=\"\" srcset=\"https:\/\/kalivie.fr\/wp-content\/uploads\/2024\/08\/MECCANO.png 1024w, https:\/\/kalivie.fr\/wp-content\/uploads\/2024\/08\/MECCANO-300x200.png 300w, https:\/\/kalivie.fr\/wp-content\/uploads\/2024\/08\/MECCANO-768x512.png 768w\" sizes=\"(max-width: 1024px) 100vw, 1024px\" \/>\t\t\t\t\t\t\t\t\t\t\t\t\t<\/div>\n\t\t\t\t<\/div>\n\t\t\t\t\t<\/div>\n\t\t\t\t<\/div>\n\t\t<div class=\"elementor-element elementor-element-5727119 e-flex e-con-boxed e-con e-parent\" data-id=\"5727119\" data-element_type=\"container\">\n\t\t\t\t\t<div class=\"e-con-inner\">\n\t\t<div class=\"elementor-element elementor-element-1465960 e-con-full e-flex e-con e-child\" data-id=\"1465960\" data-element_type=\"container\">\n\t\t\t\t<div class=\"elementor-element elementor-element-6eadfac elementor-mobile-align-center elementor-align-center elementor-widget elementor-widget-button\" data-id=\"6eadfac\" data-element_type=\"widget\" data-widget_type=\"button.default\">\n\t\t\t\t<div class=\"elementor-widget-container\">\n\t\t\t\t\t<div class=\"elementor-button-wrapper\">\n\t\t\t<a class=\"elementor-button elementor-button-link elementor-size-sm\" href=\"https:\/\/kalivie.fr\/index.php\/des-evaluateurs-experimentes-et-accredites\/\">\n\t\t\t\t\t\t<span class=\"elementor-button-content-wrapper\">\n\t\t\t\t\t\t<span class=\"elementor-button-icon\">\n\t\t\t\t<svg aria-hidden=\"true\" class=\"e-font-icon-svg e-fas-arrow-alt-circle-left\" viewBox=\"0 0 512 512\" xmlns=\"http:\/\/www.w3.org\/2000\/svg\"><path d=\"M256 504C119 504 8 393 8 256S119 8 256 8s248 111 248 248-111 248-248 248zm116-292H256v-70.9c0-10.7-13-16.1-20.5-8.5L121.2 247.5c-4.7 4.7-4.7 12.2 0 16.9l114.3 114.9c7.6 7.6 20.5 2.2 20.5-8.5V300h116c6.6 0 12-5.4 12-12v-64c0-6.6-5.4-12-12-12z\"><\/path><\/svg>\t\t\t<\/span>\n\t\t\t\t\t\t\t\t\t<span class=\"elementor-button-text\">Evaluateur exp\u00e9riment\u00e9<\/span>\n\t\t\t\t\t<\/span>\n\t\t\t\t\t<\/a>\n\t\t<\/div>\n\t\t\t\t<\/div>\n\t\t\t\t<\/div>\n\t\t\t\t<\/div>\n\t\t<div class=\"elementor-element elementor-element-0a2524e e-con-full e-flex e-con e-child\" data-id=\"0a2524e\" data-element_type=\"container\">\n\t\t\t\t<div class=\"elementor-element elementor-element-fd126cf elementor-mobile-align-center elementor-align-center elementor-widget elementor-widget-button\" data-id=\"fd126cf\" data-element_type=\"widget\" data-widget_type=\"button.default\">\n\t\t\t\t<div class=\"elementor-widget-container\">\n\t\t\t\t\t<div class=\"elementor-button-wrapper\">\n\t\t\t<a class=\"elementor-button elementor-button-link elementor-size-sm\" href=\"https:\/\/kalivie.fr\/index.php\/lapproche-du-nouveau-referentiel\/\">\n\t\t\t\t\t\t<span class=\"elementor-button-content-wrapper\">\n\t\t\t\t\t\t<span class=\"elementor-button-icon\">\n\t\t\t\t<svg aria-hidden=\"true\" class=\"e-font-icon-svg e-fas-arrow-alt-circle-right\" viewBox=\"0 0 512 512\" xmlns=\"http:\/\/www.w3.org\/2000\/svg\"><path d=\"M256 8c137 0 248 111 248 248S393 504 256 504 8 393 8 256 119 8 256 8zM140 300h116v70.9c0 10.7 13 16.1 20.5 8.5l114.3-114.9c4.7-4.7 4.7-12.2 0-16.9l-114.3-115c-7.6-7.6-20.5-2.2-20.5 8.5V212H140c-6.6 0-12 5.4-12 12v64c0 6.6 5.4 12 12 12z\"><\/path><\/svg>\t\t\t<\/span>\n\t\t\t\t\t\t\t\t\t<span class=\"elementor-button-text\">Nouveau r\u00e9f\u00e9rentiel<\/span>\n\t\t\t\t\t<\/span>\n\t\t\t\t\t<\/a>\n\t\t<\/div>\n\t\t\t\t<\/div>\n\t\t\t\t<\/div>\n\t\t\t\t<\/div>\n\t\t\t\t\t<\/div>\n\t\t\t\t<\/div>\n\t\t<div class=\"elementor-element elementor-element-fe88f96 e-flex e-con-boxed e-con e-parent\" data-id=\"fe88f96\" data-element_type=\"container\">\n\t\t\t\t\t<div class=\"e-con-inner\">\n\t\t<div class=\"elementor-element elementor-element-0632efd e-con-full e-flex e-con e-child\" data-id=\"0632efd\" data-element_type=\"container\" data-settings=\"{&quot;background_background&quot;:&quot;classic&quot;}\">\n\t\t\t\t<div class=\"elementor-element elementor-element-22f16d9 elementor-widget elementor-widget-heading\" data-id=\"22f16d9\" data-element_type=\"widget\" data-widget_type=\"heading.default\">\n\t\t\t\t<div class=\"elementor-widget-container\">\n\t\t\t<p class=\"elementor-heading-title elementor-size-default\">\u00a9 2024 tous droits r\u00e9serv\u00e9s<\/p>\t\t<\/div>\n\t\t\t\t<\/div>\n\t\t\t\t<\/div>\n\t\t\t\t\t<\/div>\n\t\t\t\t<\/div>\n\t\t\t\t<\/div>\n\t\t","protected":false},"excerpt":{"rendered":"<p>Comment le dispositif d&rsquo;\u00e9valuation a \u00e9t\u00e9 construit Le Coll\u00e8ge et la commission sociale et m\u00e9dico-sociale (CSMS) de la HAS ont d\u00e9fini trois enjeux de la d\u00e9marche d&rsquo;\u00e9valuation. Celle-ci vise \u00e0 : Permettre \u00e0 la personne d&rsquo;\u00eatre actrice de son parcours. Renforcer la dynamique qualit\u00e9 au sein des \u00e9tablissements et services. Promouvoir une d\u00e9marche porteuse de [&hellip;]<\/p>\n","protected":false},"author":1,"featured_media":0,"parent":0,"menu_order":0,"comment_status":"closed","ping_status":"closed","template":"","meta":{"footnotes":""},"class_list":["post-516","page","type-page","status-publish","hentry","entry"],"yoast_head":"<!-- This site is optimized with the Yoast SEO plugin v23.0 - https:\/\/yoast.com\/wordpress\/plugins\/seo\/ -->\n<title>Un nouveau dispositif d&#039;\u00e9valuation - Kalivie<\/title>\n<meta name=\"robots\" content=\"index, follow, max-snippet:-1, max-image-preview:large, max-video-preview:-1\" \/>\n<link rel=\"canonical\" href=\"https:\/\/kalivie.fr\/index.php\/un-nouveau-dispositif-devaluation\/\" \/>\n<meta property=\"og:locale\" content=\"fr_FR\" \/>\n<meta property=\"og:type\" content=\"article\" \/>\n<meta property=\"og:title\" content=\"Un nouveau dispositif d&#039;\u00e9valuation - Kalivie\" \/>\n<meta property=\"og:description\" content=\"Comment le dispositif d&rsquo;\u00e9valuation a \u00e9t\u00e9 construit Le Coll\u00e8ge et la commission sociale et m\u00e9dico-sociale (CSMS) de la HAS ont d\u00e9fini trois enjeux de la d\u00e9marche d&rsquo;\u00e9valuation. Celle-ci vise \u00e0 : Permettre \u00e0 la personne d&rsquo;\u00eatre actrice de son parcours. Renforcer la dynamique qualit\u00e9 au sein des \u00e9tablissements et services. Promouvoir une d\u00e9marche porteuse de [&hellip;]\" \/>\n<meta property=\"og:url\" content=\"https:\/\/kalivie.fr\/index.php\/un-nouveau-dispositif-devaluation\/\" \/>\n<meta property=\"og:site_name\" content=\"Kalivie\" \/>\n<meta property=\"article:modified_time\" content=\"2024-08-06T13:11:19+00:00\" \/>\n<meta property=\"og:image\" content=\"https:\/\/kalivie.fr\/wp-content\/uploads\/2024\/08\/MECCANO.png\" \/>\n<meta name=\"twitter:card\" content=\"summary_large_image\" \/>\n<meta name=\"twitter:label1\" content=\"Dur\u00e9e de lecture estim\u00e9e\" \/>\n\t<meta name=\"twitter:data1\" content=\"2 minutes\" \/>\n<script type=\"application\/ld+json\" class=\"yoast-schema-graph\">{\"@context\":\"https:\/\/schema.org\",\"@graph\":[{\"@type\":\"WebPage\",\"@id\":\"https:\/\/kalivie.fr\/index.php\/un-nouveau-dispositif-devaluation\/\",\"url\":\"https:\/\/kalivie.fr\/index.php\/un-nouveau-dispositif-devaluation\/\",\"name\":\"Un nouveau dispositif d'\u00e9valuation - Kalivie\",\"isPartOf\":{\"@id\":\"https:\/\/kalivie.fr\/#website\"},\"primaryImageOfPage\":{\"@id\":\"https:\/\/kalivie.fr\/index.php\/un-nouveau-dispositif-devaluation\/#primaryimage\"},\"image\":{\"@id\":\"https:\/\/kalivie.fr\/index.php\/un-nouveau-dispositif-devaluation\/#primaryimage\"},\"thumbnailUrl\":\"https:\/\/kalivie.fr\/wp-content\/uploads\/2024\/08\/MECCANO.png\",\"datePublished\":\"2024-08-06T09:36:41+00:00\",\"dateModified\":\"2024-08-06T13:11:19+00:00\",\"breadcrumb\":{\"@id\":\"https:\/\/kalivie.fr\/index.php\/un-nouveau-dispositif-devaluation\/#breadcrumb\"},\"inLanguage\":\"fr-FR\",\"potentialAction\":[{\"@type\":\"ReadAction\",\"target\":[\"https:\/\/kalivie.fr\/index.php\/un-nouveau-dispositif-devaluation\/\"]}]},{\"@type\":\"ImageObject\",\"inLanguage\":\"fr-FR\",\"@id\":\"https:\/\/kalivie.fr\/index.php\/un-nouveau-dispositif-devaluation\/#primaryimage\",\"url\":\"https:\/\/kalivie.fr\/wp-content\/uploads\/2024\/08\/MECCANO.png\",\"contentUrl\":\"https:\/\/kalivie.fr\/wp-content\/uploads\/2024\/08\/MECCANO.png\",\"width\":1024,\"height\":683},{\"@type\":\"BreadcrumbList\",\"@id\":\"https:\/\/kalivie.fr\/index.php\/un-nouveau-dispositif-devaluation\/#breadcrumb\",\"itemListElement\":[{\"@type\":\"ListItem\",\"position\":1,\"name\":\"Accueil\",\"item\":\"https:\/\/kalivie.fr\/\"},{\"@type\":\"ListItem\",\"position\":2,\"name\":\"Un nouveau dispositif d&rsquo;\u00e9valuation\"}]},{\"@type\":\"WebSite\",\"@id\":\"https:\/\/kalivie.fr\/#website\",\"url\":\"https:\/\/kalivie.fr\/\",\"name\":\"Kalivie\",\"description\":\"Votre \u00e9valuation des structures m\u00e9dico sociales\",\"publisher\":{\"@id\":\"https:\/\/kalivie.fr\/#organization\"},\"potentialAction\":[{\"@type\":\"SearchAction\",\"target\":{\"@type\":\"EntryPoint\",\"urlTemplate\":\"https:\/\/kalivie.fr\/?s={search_term_string}\"},\"query-input\":\"required name=search_term_string\"}],\"inLanguage\":\"fr-FR\"},{\"@type\":\"Organization\",\"@id\":\"https:\/\/kalivie.fr\/#organization\",\"name\":\"Kalivie\",\"url\":\"https:\/\/kalivie.fr\/\",\"logo\":{\"@type\":\"ImageObject\",\"inLanguage\":\"fr-FR\",\"@id\":\"https:\/\/kalivie.fr\/#\/schema\/logo\/image\/\",\"url\":\"https:\/\/kalivie.fr\/wp-content\/uploads\/2024\/06\/kalivie-1.png\",\"contentUrl\":\"https:\/\/kalivie.fr\/wp-content\/uploads\/2024\/06\/kalivie-1.png\",\"width\":512,\"height\":512,\"caption\":\"Kalivie\"},\"image\":{\"@id\":\"https:\/\/kalivie.fr\/#\/schema\/logo\/image\/\"}}]}<\/script>\n<!-- \/ Yoast SEO plugin. -->","yoast_head_json":{"title":"Un nouveau dispositif d'\u00e9valuation - Kalivie","robots":{"index":"index","follow":"follow","max-snippet":"max-snippet:-1","max-image-preview":"max-image-preview:large","max-video-preview":"max-video-preview:-1"},"canonical":"https:\/\/kalivie.fr\/index.php\/un-nouveau-dispositif-devaluation\/","og_locale":"fr_FR","og_type":"article","og_title":"Un nouveau dispositif d'\u00e9valuation - Kalivie","og_description":"Comment le dispositif d&rsquo;\u00e9valuation a \u00e9t\u00e9 construit Le Coll\u00e8ge et la commission sociale et m\u00e9dico-sociale (CSMS) de la HAS ont d\u00e9fini trois enjeux de la d\u00e9marche d&rsquo;\u00e9valuation. Celle-ci vise \u00e0 : Permettre \u00e0 la personne d&rsquo;\u00eatre actrice de son parcours. Renforcer la dynamique qualit\u00e9 au sein des \u00e9tablissements et services. Promouvoir une d\u00e9marche porteuse de [&hellip;]","og_url":"https:\/\/kalivie.fr\/index.php\/un-nouveau-dispositif-devaluation\/","og_site_name":"Kalivie","article_modified_time":"2024-08-06T13:11:19+00:00","og_image":[{"url":"https:\/\/kalivie.fr\/wp-content\/uploads\/2024\/08\/MECCANO.png"}],"twitter_card":"summary_large_image","twitter_misc":{"Dur\u00e9e de lecture estim\u00e9e":"2 minutes"},"schema":{"@context":"https:\/\/schema.org","@graph":[{"@type":"WebPage","@id":"https:\/\/kalivie.fr\/index.php\/un-nouveau-dispositif-devaluation\/","url":"https:\/\/kalivie.fr\/index.php\/un-nouveau-dispositif-devaluation\/","name":"Un nouveau dispositif d'\u00e9valuation - Kalivie","isPartOf":{"@id":"https:\/\/kalivie.fr\/#website"},"primaryImageOfPage":{"@id":"https:\/\/kalivie.fr\/index.php\/un-nouveau-dispositif-devaluation\/#primaryimage"},"image":{"@id":"https:\/\/kalivie.fr\/index.php\/un-nouveau-dispositif-devaluation\/#primaryimage"},"thumbnailUrl":"https:\/\/kalivie.fr\/wp-content\/uploads\/2024\/08\/MECCANO.png","datePublished":"2024-08-06T09:36:41+00:00","dateModified":"2024-08-06T13:11:19+00:00","breadcrumb":{"@id":"https:\/\/kalivie.fr\/index.php\/un-nouveau-dispositif-devaluation\/#breadcrumb"},"inLanguage":"fr-FR","potentialAction":[{"@type":"ReadAction","target":["https:\/\/kalivie.fr\/index.php\/un-nouveau-dispositif-devaluation\/"]}]},{"@type":"ImageObject","inLanguage":"fr-FR","@id":"https:\/\/kalivie.fr\/index.php\/un-nouveau-dispositif-devaluation\/#primaryimage","url":"https:\/\/kalivie.fr\/wp-content\/uploads\/2024\/08\/MECCANO.png","contentUrl":"https:\/\/kalivie.fr\/wp-content\/uploads\/2024\/08\/MECCANO.png","width":1024,"height":683},{"@type":"BreadcrumbList","@id":"https:\/\/kalivie.fr\/index.php\/un-nouveau-dispositif-devaluation\/#breadcrumb","itemListElement":[{"@type":"ListItem","position":1,"name":"Accueil","item":"https:\/\/kalivie.fr\/"},{"@type":"ListItem","position":2,"name":"Un nouveau dispositif d&rsquo;\u00e9valuation"}]},{"@type":"WebSite","@id":"https:\/\/kalivie.fr\/#website","url":"https:\/\/kalivie.fr\/","name":"Kalivie","description":"Votre \u00e9valuation des structures m\u00e9dico sociales","publisher":{"@id":"https:\/\/kalivie.fr\/#organization"},"potentialAction":[{"@type":"SearchAction","target":{"@type":"EntryPoint","urlTemplate":"https:\/\/kalivie.fr\/?s={search_term_string}"},"query-input":"required name=search_term_string"}],"inLanguage":"fr-FR"},{"@type":"Organization","@id":"https:\/\/kalivie.fr\/#organization","name":"Kalivie","url":"https:\/\/kalivie.fr\/","logo":{"@type":"ImageObject","inLanguage":"fr-FR","@id":"https:\/\/kalivie.fr\/#\/schema\/logo\/image\/","url":"https:\/\/kalivie.fr\/wp-content\/uploads\/2024\/06\/kalivie-1.png","contentUrl":"https:\/\/kalivie.fr\/wp-content\/uploads\/2024\/06\/kalivie-1.png","width":512,"height":512,"caption":"Kalivie"},"image":{"@id":"https:\/\/kalivie.fr\/#\/schema\/logo\/image\/"}}]}},"_links":{"self":[{"href":"https:\/\/kalivie.fr\/index.php\/wp-json\/wp\/v2\/pages\/516","targetHints":{"allow":["GET"]}}],"collection":[{"href":"https:\/\/kalivie.fr\/index.php\/wp-json\/wp\/v2\/pages"}],"about":[{"href":"https:\/\/kalivie.fr\/index.php\/wp-json\/wp\/v2\/types\/page"}],"author":[{"embeddable":true,"href":"https:\/\/kalivie.fr\/index.php\/wp-json\/wp\/v2\/users\/1"}],"replies":[{"embeddable":true,"href":"https:\/\/kalivie.fr\/index.php\/wp-json\/wp\/v2\/comments?post=516"}],"version-history":[{"count":8,"href":"https:\/\/kalivie.fr\/index.php\/wp-json\/wp\/v2\/pages\/516\/revisions"}],"predecessor-version":[{"id":585,"href":"https:\/\/kalivie.fr\/index.php\/wp-json\/wp\/v2\/pages\/516\/revisions\/585"}],"wp:attachment":[{"href":"https:\/\/kalivie.fr\/index.php\/wp-json\/wp\/v2\/media?parent=516"}],"curies":[{"name":"wp","href":"https:\/\/api.w.org\/{rel}","templated":true}]}}