{"id":541,"date":"2024-08-06T14:27:28","date_gmt":"2024-08-06T12:27:28","guid":{"rendered":"https:\/\/kalivie.fr\/?page_id=541"},"modified":"2024-08-06T15:18:55","modified_gmt":"2024-08-06T13:18:55","slug":"les-professionnels","status":"publish","type":"page","link":"https:\/\/kalivie.fr\/index.php\/les-professionnels\/","title":{"rendered":"Les professionnels"},"content":{"rendered":"\t\t<div data-elementor-type=\"wp-page\" data-elementor-id=\"541\" class=\"elementor elementor-541\">\n\t\t\t\t<div class=\"elementor-element elementor-element-032d29e e-flex e-con-boxed e-con e-parent\" data-id=\"032d29e\" data-element_type=\"container\">\n\t\t\t\t\t<div class=\"e-con-inner\">\n\t\t\t\t<div class=\"elementor-element elementor-element-a9896fe elementor-widget elementor-widget-heading\" data-id=\"a9896fe\" data-element_type=\"widget\" data-widget_type=\"heading.default\">\n\t\t\t\t<div class=\"elementor-widget-container\">\n\t\t\t<style>\/*! elementor - v3.23.0 - 15-07-2024 *\/\n.elementor-heading-title{padding:0;margin:0;line-height:1}.elementor-widget-heading .elementor-heading-title[class*=elementor-size-]>a{color:inherit;font-size:inherit;line-height:inherit}.elementor-widget-heading .elementor-heading-title.elementor-size-small{font-size:15px}.elementor-widget-heading .elementor-heading-title.elementor-size-medium{font-size:19px}.elementor-widget-heading .elementor-heading-title.elementor-size-large{font-size:29px}.elementor-widget-heading .elementor-heading-title.elementor-size-xl{font-size:39px}.elementor-widget-heading .elementor-heading-title.elementor-size-xxl{font-size:59px}<\/style><h2 class=\"elementor-heading-title elementor-size-default\">Chapitre 2. Les professionnels\n<\/h2>\t\t<\/div>\n\t\t\t\t<\/div>\n\t\t\t\t<div class=\"elementor-element elementor-element-bb477fa elementor-widget elementor-widget-text-editor\" data-id=\"bb477fa\" data-element_type=\"widget\" data-widget_type=\"text-editor.default\">\n\t\t\t\t<div class=\"elementor-widget-container\">\n\t\t\t<style>\/*! elementor - v3.23.0 - 15-07-2024 *\/\n.elementor-widget-text-editor.elementor-drop-cap-view-stacked .elementor-drop-cap{background-color:#69727d;color:#fff}.elementor-widget-text-editor.elementor-drop-cap-view-framed .elementor-drop-cap{color:#69727d;border:3px solid;background-color:transparent}.elementor-widget-text-editor:not(.elementor-drop-cap-view-default) .elementor-drop-cap{margin-top:8px}.elementor-widget-text-editor:not(.elementor-drop-cap-view-default) .elementor-drop-cap-letter{width:1em;height:1em}.elementor-widget-text-editor .elementor-drop-cap{float:left;text-align:center;line-height:1;font-size:50px}.elementor-widget-text-editor .elementor-drop-cap-letter{display:inline-block}<\/style>\t\t\t\t<p>L\u2019\u00e9valuation vise \u00e0 appr\u00e9cier la capacit\u00e9 des professionnels \u00e0 avoir un questionnement \u00e9thique, \u00e0 garantir l&rsquo;effectivit\u00e9 des droits des personnes accompagn\u00e9es, \u00e0 favoriser l&rsquo;expression et la participation de la personne, \u00e0 coconstruire et personnaliser son projet d&rsquo;accompagnement, \u00e0 adapter l&rsquo;accompagnement \u00e0 l&rsquo;autonomie et \u00e0 la sant\u00e9, et \u00e0 assurer la continuit\u00e9 et la fluidit\u00e9 des parcours.<\/p>\t\t\t\t\t\t<\/div>\n\t\t\t\t<\/div>\n\t\t\t\t<div class=\"elementor-element elementor-element-c6af608 elementor-widget elementor-widget-image\" data-id=\"c6af608\" data-element_type=\"widget\" data-widget_type=\"image.default\">\n\t\t\t\t<div class=\"elementor-widget-container\">\n\t\t\t<style>\/*! elementor - v3.23.0 - 15-07-2024 *\/\n.elementor-widget-image{text-align:center}.elementor-widget-image a{display:inline-block}.elementor-widget-image a img[src$=\".svg\"]{width:48px}.elementor-widget-image img{vertical-align:middle;display:inline-block}<\/style>\t\t\t\t\t\t\t\t\t\t<img fetchpriority=\"high\" decoding=\"async\" width=\"669\" height=\"1024\" src=\"https:\/\/kalivie.fr\/wp-content\/uploads\/2024\/08\/INFIRMIERS-669x1024.jpg\" class=\"attachment-large size-large wp-image-589\" alt=\"\" srcset=\"https:\/\/kalivie.fr\/wp-content\/uploads\/2024\/08\/INFIRMIERS-669x1024.jpg 669w, https:\/\/kalivie.fr\/wp-content\/uploads\/2024\/08\/INFIRMIERS-196x300.jpg 196w, https:\/\/kalivie.fr\/wp-content\/uploads\/2024\/08\/INFIRMIERS-768x1176.jpg 768w, https:\/\/kalivie.fr\/wp-content\/uploads\/2024\/08\/INFIRMIERS-1003x1536.jpg 1003w, https:\/\/kalivie.fr\/wp-content\/uploads\/2024\/08\/INFIRMIERS.jpg 1020w\" sizes=\"(max-width: 669px) 100vw, 669px\" \/>\t\t\t\t\t\t\t\t\t\t\t\t\t<\/div>\n\t\t\t\t<\/div>\n\t\t\t\t\t<\/div>\n\t\t\t\t<\/div>\n\t\t<div class=\"elementor-element elementor-element-3adc9e1 e-flex e-con-boxed e-con e-parent\" data-id=\"3adc9e1\" data-element_type=\"container\">\n\t\t\t\t\t<div class=\"e-con-inner\">\n\t\t<div class=\"elementor-element elementor-element-275d57f e-con-full e-flex e-con e-child\" data-id=\"275d57f\" data-element_type=\"container\">\n\t\t\t\t<div class=\"elementor-element elementor-element-5527061 elementor-mobile-align-center elementor-align-center elementor-widget elementor-widget-button\" data-id=\"5527061\" data-element_type=\"widget\" data-widget_type=\"button.default\">\n\t\t\t\t<div class=\"elementor-widget-container\">\n\t\t\t\t\t<div class=\"elementor-button-wrapper\">\n\t\t\t<a class=\"elementor-button elementor-button-link elementor-size-sm\" href=\"https:\/\/kalivie.fr\/index.php\/la-personne-accompagnee\/\">\n\t\t\t\t\t\t<span class=\"elementor-button-content-wrapper\">\n\t\t\t\t\t\t<span class=\"elementor-button-icon\">\n\t\t\t\t<svg aria-hidden=\"true\" class=\"e-font-icon-svg e-fas-arrow-alt-circle-left\" viewBox=\"0 0 512 512\" xmlns=\"http:\/\/www.w3.org\/2000\/svg\"><path d=\"M256 504C119 504 8 393 8 256S119 8 256 8s248 111 248 248-111 248-248 248zm116-292H256v-70.9c0-10.7-13-16.1-20.5-8.5L121.2 247.5c-4.7 4.7-4.7 12.2 0 16.9l114.3 114.9c7.6 7.6 20.5 2.2 20.5-8.5V300h116c6.6 0 12-5.4 12-12v-64c0-6.6-5.4-12-12-12z\"><\/path><\/svg>\t\t\t<\/span>\n\t\t\t\t\t\t\t\t\t<span class=\"elementor-button-text\">la personne accompagn\u00e9e<\/span>\n\t\t\t\t\t<\/span>\n\t\t\t\t\t<\/a>\n\t\t<\/div>\n\t\t\t\t<\/div>\n\t\t\t\t<\/div>\n\t\t\t\t<\/div>\n\t\t<div class=\"elementor-element elementor-element-f62da69 e-con-full e-flex e-con e-child\" data-id=\"f62da69\" data-element_type=\"container\">\n\t\t\t\t<div class=\"elementor-element elementor-element-62f848b elementor-mobile-align-center elementor-align-center elementor-widget elementor-widget-button\" data-id=\"62f848b\" data-element_type=\"widget\" data-widget_type=\"button.default\">\n\t\t\t\t<div class=\"elementor-widget-container\">\n\t\t\t\t\t<div class=\"elementor-button-wrapper\">\n\t\t\t<a class=\"elementor-button elementor-button-link elementor-size-sm\" href=\"https:\/\/kalivie.fr\/index.php\/la-structure-et-service\/\">\n\t\t\t\t\t\t<span class=\"elementor-button-content-wrapper\">\n\t\t\t\t\t\t<span class=\"elementor-button-icon\">\n\t\t\t\t<svg aria-hidden=\"true\" class=\"e-font-icon-svg e-fas-arrow-alt-circle-right\" viewBox=\"0 0 512 512\" xmlns=\"http:\/\/www.w3.org\/2000\/svg\"><path d=\"M256 8c137 0 248 111 248 248S393 504 256 504 8 393 8 256 119 8 256 8zM140 300h116v70.9c0 10.7 13 16.1 20.5 8.5l114.3-114.9c4.7-4.7 4.7-12.2 0-16.9l-114.3-115c-7.6-7.6-20.5-2.2-20.5 8.5V212H140c-6.6 0-12 5.4-12 12v64c0 6.6 5.4 12 12 12z\"><\/path><\/svg>\t\t\t<\/span>\n\t\t\t\t\t\t\t\t\t<span class=\"elementor-button-text\">la structure et service<\/span>\n\t\t\t\t\t<\/span>\n\t\t\t\t\t<\/a>\n\t\t<\/div>\n\t\t\t\t<\/div>\n\t\t\t\t<\/div>\n\t\t\t\t<\/div>\n\t\t\t\t\t<\/div>\n\t\t\t\t<\/div>\n\t\t<div class=\"elementor-element elementor-element-05add33 e-flex e-con-boxed e-con e-parent\" data-id=\"05add33\" data-element_type=\"container\">\n\t\t\t\t\t<div class=\"e-con-inner\">\n\t\t<div class=\"elementor-element elementor-element-3dab879 e-con-full e-flex e-con e-child\" data-id=\"3dab879\" data-element_type=\"container\" data-settings=\"{&quot;background_background&quot;:&quot;classic&quot;}\">\n\t\t\t\t<div class=\"elementor-element elementor-element-53011c6 elementor-widget elementor-widget-heading\" data-id=\"53011c6\" data-element_type=\"widget\" data-widget_type=\"heading.default\">\n\t\t\t\t<div class=\"elementor-widget-container\">\n\t\t\t<p class=\"elementor-heading-title elementor-size-default\">\u00a9 2024 tous droits r\u00e9serv\u00e9s<\/p>\t\t<\/div>\n\t\t\t\t<\/div>\n\t\t\t\t<\/div>\n\t\t\t\t\t<\/div>\n\t\t\t\t<\/div>\n\t\t\t\t<\/div>\n\t\t","protected":false},"excerpt":{"rendered":"<p>Chapitre 2. Les professionnels L\u2019\u00e9valuation vise \u00e0 appr\u00e9cier la capacit\u00e9 des professionnels \u00e0 avoir un questionnement \u00e9thique, \u00e0 garantir l&rsquo;effectivit\u00e9 des droits des personnes accompagn\u00e9es, \u00e0 favoriser l&rsquo;expression et la participation de la personne, \u00e0 coconstruire et personnaliser son projet d&rsquo;accompagnement, \u00e0 adapter l&rsquo;accompagnement \u00e0 l&rsquo;autonomie et \u00e0 la sant\u00e9, et \u00e0 assurer la continuit\u00e9 [&hellip;]<\/p>\n","protected":false},"author":1,"featured_media":0,"parent":0,"menu_order":0,"comment_status":"closed","ping_status":"closed","template":"","meta":{"footnotes":""},"class_list":["post-541","page","type-page","status-publish","hentry","entry"],"yoast_head":"<!-- This site is optimized with the Yoast SEO plugin v23.0 - https:\/\/yoast.com\/wordpress\/plugins\/seo\/ -->\n<title>Les professionnels - Kalivie<\/title>\n<meta name=\"robots\" content=\"index, follow, max-snippet:-1, max-image-preview:large, max-video-preview:-1\" \/>\n<link rel=\"canonical\" href=\"https:\/\/kalivie.fr\/index.php\/les-professionnels\/\" \/>\n<meta property=\"og:locale\" content=\"fr_FR\" \/>\n<meta property=\"og:type\" content=\"article\" \/>\n<meta property=\"og:title\" content=\"Les professionnels - Kalivie\" \/>\n<meta property=\"og:description\" content=\"Chapitre 2. Les professionnels L\u2019\u00e9valuation vise \u00e0 appr\u00e9cier la capacit\u00e9 des professionnels \u00e0 avoir un questionnement \u00e9thique, \u00e0 garantir l&rsquo;effectivit\u00e9 des droits des personnes accompagn\u00e9es, \u00e0 favoriser l&rsquo;expression et la participation de la personne, \u00e0 coconstruire et personnaliser son projet d&rsquo;accompagnement, \u00e0 adapter l&rsquo;accompagnement \u00e0 l&rsquo;autonomie et \u00e0 la sant\u00e9, et \u00e0 assurer la continuit\u00e9 [&hellip;]\" \/>\n<meta property=\"og:url\" content=\"https:\/\/kalivie.fr\/index.php\/les-professionnels\/\" \/>\n<meta property=\"og:site_name\" content=\"Kalivie\" \/>\n<meta property=\"article:modified_time\" content=\"2024-08-06T13:18:55+00:00\" \/>\n<meta property=\"og:image\" content=\"https:\/\/kalivie.fr\/wp-content\/uploads\/2024\/08\/INFIRMIERS-669x1024.jpg\" \/>\n<meta name=\"twitter:card\" content=\"summary_large_image\" \/>\n<meta name=\"twitter:label1\" content=\"Dur\u00e9e de lecture estim\u00e9e\" \/>\n\t<meta name=\"twitter:data1\" content=\"1 minute\" \/>\n<script type=\"application\/ld+json\" class=\"yoast-schema-graph\">{\"@context\":\"https:\/\/schema.org\",\"@graph\":[{\"@type\":\"WebPage\",\"@id\":\"https:\/\/kalivie.fr\/index.php\/les-professionnels\/\",\"url\":\"https:\/\/kalivie.fr\/index.php\/les-professionnels\/\",\"name\":\"Les professionnels - Kalivie\",\"isPartOf\":{\"@id\":\"https:\/\/kalivie.fr\/#website\"},\"primaryImageOfPage\":{\"@id\":\"https:\/\/kalivie.fr\/index.php\/les-professionnels\/#primaryimage\"},\"image\":{\"@id\":\"https:\/\/kalivie.fr\/index.php\/les-professionnels\/#primaryimage\"},\"thumbnailUrl\":\"https:\/\/kalivie.fr\/wp-content\/uploads\/2024\/08\/INFIRMIERS-669x1024.jpg\",\"datePublished\":\"2024-08-06T12:27:28+00:00\",\"dateModified\":\"2024-08-06T13:18:55+00:00\",\"breadcrumb\":{\"@id\":\"https:\/\/kalivie.fr\/index.php\/les-professionnels\/#breadcrumb\"},\"inLanguage\":\"fr-FR\",\"potentialAction\":[{\"@type\":\"ReadAction\",\"target\":[\"https:\/\/kalivie.fr\/index.php\/les-professionnels\/\"]}]},{\"@type\":\"ImageObject\",\"inLanguage\":\"fr-FR\",\"@id\":\"https:\/\/kalivie.fr\/index.php\/les-professionnels\/#primaryimage\",\"url\":\"https:\/\/kalivie.fr\/wp-content\/uploads\/2024\/08\/INFIRMIERS.jpg\",\"contentUrl\":\"https:\/\/kalivie.fr\/wp-content\/uploads\/2024\/08\/INFIRMIERS.jpg\",\"width\":1020,\"height\":1562},{\"@type\":\"BreadcrumbList\",\"@id\":\"https:\/\/kalivie.fr\/index.php\/les-professionnels\/#breadcrumb\",\"itemListElement\":[{\"@type\":\"ListItem\",\"position\":1,\"name\":\"Accueil\",\"item\":\"https:\/\/kalivie.fr\/\"},{\"@type\":\"ListItem\",\"position\":2,\"name\":\"Les professionnels\"}]},{\"@type\":\"WebSite\",\"@id\":\"https:\/\/kalivie.fr\/#website\",\"url\":\"https:\/\/kalivie.fr\/\",\"name\":\"Kalivie\",\"description\":\"Votre \u00e9valuation des structures m\u00e9dico sociales\",\"publisher\":{\"@id\":\"https:\/\/kalivie.fr\/#organization\"},\"potentialAction\":[{\"@type\":\"SearchAction\",\"target\":{\"@type\":\"EntryPoint\",\"urlTemplate\":\"https:\/\/kalivie.fr\/?s={search_term_string}\"},\"query-input\":\"required name=search_term_string\"}],\"inLanguage\":\"fr-FR\"},{\"@type\":\"Organization\",\"@id\":\"https:\/\/kalivie.fr\/#organization\",\"name\":\"Kalivie\",\"url\":\"https:\/\/kalivie.fr\/\",\"logo\":{\"@type\":\"ImageObject\",\"inLanguage\":\"fr-FR\",\"@id\":\"https:\/\/kalivie.fr\/#\/schema\/logo\/image\/\",\"url\":\"https:\/\/kalivie.fr\/wp-content\/uploads\/2024\/06\/kalivie-1.png\",\"contentUrl\":\"https:\/\/kalivie.fr\/wp-content\/uploads\/2024\/06\/kalivie-1.png\",\"width\":512,\"height\":512,\"caption\":\"Kalivie\"},\"image\":{\"@id\":\"https:\/\/kalivie.fr\/#\/schema\/logo\/image\/\"}}]}<\/script>\n<!-- \/ Yoast SEO plugin. -->","yoast_head_json":{"title":"Les professionnels - Kalivie","robots":{"index":"index","follow":"follow","max-snippet":"max-snippet:-1","max-image-preview":"max-image-preview:large","max-video-preview":"max-video-preview:-1"},"canonical":"https:\/\/kalivie.fr\/index.php\/les-professionnels\/","og_locale":"fr_FR","og_type":"article","og_title":"Les professionnels - Kalivie","og_description":"Chapitre 2. Les professionnels L\u2019\u00e9valuation vise \u00e0 appr\u00e9cier la capacit\u00e9 des professionnels \u00e0 avoir un questionnement \u00e9thique, \u00e0 garantir l&rsquo;effectivit\u00e9 des droits des personnes accompagn\u00e9es, \u00e0 favoriser l&rsquo;expression et la participation de la personne, \u00e0 coconstruire et personnaliser son projet d&rsquo;accompagnement, \u00e0 adapter l&rsquo;accompagnement \u00e0 l&rsquo;autonomie et \u00e0 la sant\u00e9, et \u00e0 assurer la continuit\u00e9 [&hellip;]","og_url":"https:\/\/kalivie.fr\/index.php\/les-professionnels\/","og_site_name":"Kalivie","article_modified_time":"2024-08-06T13:18:55+00:00","og_image":[{"url":"https:\/\/kalivie.fr\/wp-content\/uploads\/2024\/08\/INFIRMIERS-669x1024.jpg"}],"twitter_card":"summary_large_image","twitter_misc":{"Dur\u00e9e de lecture estim\u00e9e":"1 minute"},"schema":{"@context":"https:\/\/schema.org","@graph":[{"@type":"WebPage","@id":"https:\/\/kalivie.fr\/index.php\/les-professionnels\/","url":"https:\/\/kalivie.fr\/index.php\/les-professionnels\/","name":"Les professionnels - Kalivie","isPartOf":{"@id":"https:\/\/kalivie.fr\/#website"},"primaryImageOfPage":{"@id":"https:\/\/kalivie.fr\/index.php\/les-professionnels\/#primaryimage"},"image":{"@id":"https:\/\/kalivie.fr\/index.php\/les-professionnels\/#primaryimage"},"thumbnailUrl":"https:\/\/kalivie.fr\/wp-content\/uploads\/2024\/08\/INFIRMIERS-669x1024.jpg","datePublished":"2024-08-06T12:27:28+00:00","dateModified":"2024-08-06T13:18:55+00:00","breadcrumb":{"@id":"https:\/\/kalivie.fr\/index.php\/les-professionnels\/#breadcrumb"},"inLanguage":"fr-FR","potentialAction":[{"@type":"ReadAction","target":["https:\/\/kalivie.fr\/index.php\/les-professionnels\/"]}]},{"@type":"ImageObject","inLanguage":"fr-FR","@id":"https:\/\/kalivie.fr\/index.php\/les-professionnels\/#primaryimage","url":"https:\/\/kalivie.fr\/wp-content\/uploads\/2024\/08\/INFIRMIERS.jpg","contentUrl":"https:\/\/kalivie.fr\/wp-content\/uploads\/2024\/08\/INFIRMIERS.jpg","width":1020,"height":1562},{"@type":"BreadcrumbList","@id":"https:\/\/kalivie.fr\/index.php\/les-professionnels\/#breadcrumb","itemListElement":[{"@type":"ListItem","position":1,"name":"Accueil","item":"https:\/\/kalivie.fr\/"},{"@type":"ListItem","position":2,"name":"Les professionnels"}]},{"@type":"WebSite","@id":"https:\/\/kalivie.fr\/#website","url":"https:\/\/kalivie.fr\/","name":"Kalivie","description":"Votre \u00e9valuation des structures m\u00e9dico sociales","publisher":{"@id":"https:\/\/kalivie.fr\/#organization"},"potentialAction":[{"@type":"SearchAction","target":{"@type":"EntryPoint","urlTemplate":"https:\/\/kalivie.fr\/?s={search_term_string}"},"query-input":"required name=search_term_string"}],"inLanguage":"fr-FR"},{"@type":"Organization","@id":"https:\/\/kalivie.fr\/#organization","name":"Kalivie","url":"https:\/\/kalivie.fr\/","logo":{"@type":"ImageObject","inLanguage":"fr-FR","@id":"https:\/\/kalivie.fr\/#\/schema\/logo\/image\/","url":"https:\/\/kalivie.fr\/wp-content\/uploads\/2024\/06\/kalivie-1.png","contentUrl":"https:\/\/kalivie.fr\/wp-content\/uploads\/2024\/06\/kalivie-1.png","width":512,"height":512,"caption":"Kalivie"},"image":{"@id":"https:\/\/kalivie.fr\/#\/schema\/logo\/image\/"}}]}},"_links":{"self":[{"href":"https:\/\/kalivie.fr\/index.php\/wp-json\/wp\/v2\/pages\/541","targetHints":{"allow":["GET"]}}],"collection":[{"href":"https:\/\/kalivie.fr\/index.php\/wp-json\/wp\/v2\/pages"}],"about":[{"href":"https:\/\/kalivie.fr\/index.php\/wp-json\/wp\/v2\/types\/page"}],"author":[{"embeddable":true,"href":"https:\/\/kalivie.fr\/index.php\/wp-json\/wp\/v2\/users\/1"}],"replies":[{"embeddable":true,"href":"https:\/\/kalivie.fr\/index.php\/wp-json\/wp\/v2\/comments?post=541"}],"version-history":[{"count":13,"href":"https:\/\/kalivie.fr\/index.php\/wp-json\/wp\/v2\/pages\/541\/revisions"}],"predecessor-version":[{"id":592,"href":"https:\/\/kalivie.fr\/index.php\/wp-json\/wp\/v2\/pages\/541\/revisions\/592"}],"wp:attachment":[{"href":"https:\/\/kalivie.fr\/index.php\/wp-json\/wp\/v2\/media?parent=541"}],"curies":[{"name":"wp","href":"https:\/\/api.w.org\/{rel}","templated":true}]}}